{"id":7421,"date":"2024-10-26T08:11:51","date_gmt":"2024-10-26T08:11:51","guid":{"rendered":"https:\/\/esteticaeyecos.com\/terminos-y-condiciones-de-uso-de-la-pagina\/"},"modified":"2025-11-28T12:21:48","modified_gmt":"2025-11-28T12:21:48","slug":"termes-i-condicions-dus-de-la-pagina","status":"publish","type":"page","link":"https:\/\/esteticaeyecos.com\/ca\/termes-i-condicions-dus-de-la-pagina\/","title":{"rendered":"Termes i condicions d\u00fas de la p\u00e0gina"},"content":{"rendered":"\t\t<div data-elementor-type=\"wp-page\" data-elementor-id=\"7421\" class=\"elementor elementor-7421 elementor-859\" data-elementor-post-type=\"page\">\n\t\t\t\t\t\t<section class=\"elementor-section elementor-top-section elementor-element elementor-element-9ccfd5d elementor-section-boxed elementor-section-height-default elementor-section-height-default\" data-id=\"9ccfd5d\" data-element_type=\"section\" data-e-type=\"section\">\n\t\t\t\t\t\t<div class=\"elementor-container elementor-column-gap-default\">\n\t\t\t\t\t<div class=\"elementor-column elementor-col-100 elementor-top-column elementor-element elementor-element-12532e8\" data-id=\"12532e8\" data-element_type=\"column\" data-e-type=\"column\">\n\t\t\t<div class=\"elementor-widget-wrap elementor-element-populated\">\n\t\t\t\t\t\t<div class=\"elementor-element elementor-element-199973e elementor-widget elementor-widget-heading\" data-id=\"199973e\" data-element_type=\"widget\" data-e-type=\"widget\" data-widget_type=\"heading.default\">\n\t\t\t\t\t<h1 class=\"elementor-heading-title elementor-size-default\">Termes i condicions d\u00fas de la p\u00e0gina<\/h1>\t\t\t\t<\/div>\n\t\t\t\t\t<\/div>\n\t\t<\/div>\n\t\t\t\t\t<\/div>\n\t\t<\/section>\n\t\t\t\t<section class=\"elementor-section elementor-top-section elementor-element elementor-element-a8b8d8a elementor-section-boxed elementor-section-height-default elementor-section-height-default\" data-id=\"a8b8d8a\" data-element_type=\"section\" data-e-type=\"section\">\n\t\t\t\t\t\t<div class=\"elementor-container elementor-column-gap-default\">\n\t\t\t\t\t<div class=\"elementor-column elementor-col-100 elementor-top-column elementor-element elementor-element-d8e700d\" data-id=\"d8e700d\" data-element_type=\"column\" data-e-type=\"column\">\n\t\t\t<div class=\"elementor-widget-wrap elementor-element-populated\">\n\t\t\t\t\t\t<div class=\"elementor-element elementor-element-b0bd66e elementor-widget elementor-widget-text-editor\" data-id=\"b0bd66e\" data-element_type=\"widget\" data-e-type=\"widget\" data-widget_type=\"text-editor.default\">\n\t\t\t\t\t\t\t\t\t<h2>1. OBJECTE<\/h2>\n<p>1.1. Aquestes condicions legals regulen l&#8217;\u00fas i les condicions d&#8217;acc\u00e9s del lloc web https:\/\/www.esteticaeyecos.com (d&#8217;ara endavant el lloc), p\u00e0gina web propietat de Neweyes Tech,SL<\/p>\n<p>1.2. L&#8217;\u00fas o l&#8217;acc\u00e9s a aquest lloc implica que vost\u00e8 (d&#8217;ara endavant \u201cusuari\u201d) reconeix haver llegit i compr\u00e8s les presents condicions legals d&#8217;\u00fas, i acorda complir-les totalment.<\/p>\n<p>1.3. Si vost\u00e8 com a usuari no est\u00e0 d&#8217;acord amb alguna de les condicions presents haur\u00e0 de deixar d&#8217;accedir a aquest lloc.<\/p>\n<h2>2. PROPIETAT DEL LLOC<\/h2>\n<p>2.1. De conformitat amb la Llei 34\/2002, d&#8217;11 de juliol i la resta de legislaci\u00f3 aplicable us informem que aquest lloc web https:\/\/www.esteticaeyecos.com \u00e9s propietat de l&#8217;entitat amb denominaci\u00f3 social Neweyes Tech,SL<\/p>\n<p>2.2. Aquesta entitat t\u00e9 el seu domicili social al carrer Av. Diagonal, 415, 1r Barcelona 08008 (Barcelona). 2.3. Podeu contactar amb www.esteticaeyecos.com al n\u00famero de tel\u00e8fon +34 938 10 22 50 oa \u200b\u200bl&#8217;adre\u00e7a de correu electr\u00f2nic info@esteticaeyecos.com<\/p>\n<p>2.4. Tret que s&#8217;estableixi expressament d&#8217;una altra manera, les comunicacions amb Neweyes Tech, SL es podran realitzar mitjan\u00e7ant correu ordinari a l&#8217;adre\u00e7a f\u00edsica o mitjan\u00e7ant correu electr\u00f2nic. La companyia es posar\u00e0 en contacte amb l&#8217;Usuari via correu electr\u00f2nic, a l&#8217;adre\u00e7a que obri al seu poder o li sigui facilitada sobre aix\u00f2.<\/p>\n<h2>3. FUNCIONAMENT DEL LLOC<\/h2>\n<p>3.1. Neweyes Tech, SL es reserva el dret a modificar, en qualsevol moment, unilateralment i sense necessitat de notificaci\u00f3 pr\u00e8via als seus usuaris, els continguts, l&#8217;estructura, el funcionament o les condicions d&#8217;acc\u00e9s d&#8217;aquest lloc.<\/p>\n<p>3.2. Tot i aix\u00f2, els usuaris del lloc s\u00f3n conscients i accepten que part de la informaci\u00f3 continguda en ell podria ser incorrecta, estar incompleta o antiquada, o contenir errors tipogr\u00e0fics. Neweyes Tech, SL no est\u00e0 obligada a actualitzar el contingut d&#8217;aquest lloc web i no ser\u00e0 responsable de la no-actualitzaci\u00f3 de la informaci\u00f3. \u00c9s de responsabilitat exclusiva de l&#8217;usuari avaluar l&#8217;exactitud i\/o utilitat de qualsevol informaci\u00f3, consell, opini\u00f3, o qualsevol altre contingut disponible a trav\u00e9s d&#8217;aquest lloc.<\/p>\n<p>3.3. Aix\u00ed mateix, Neweyes Tech, SL es reserva el dret a suspendre temporalment, sense necessitat de previ av\u00eds, l&#8217;acc\u00e9s a aquest lloc per realitzar operacions de manteniment, actualitzaci\u00f3, millora o de reparaci\u00f3.<\/p>\n<p>3.4. Est\u00e0 prohibit que l&#8217;usuari utilitzi aquest lloc web per a l&#8217;enviament, la transmissi\u00f3 o la publicaci\u00f3 de qualsevol material il\u00b7legal, amena\u00e7ador, calumni\u00f3s, difamatori, propagand\u00edstic, escandal\u00f3s, obsc\u00e8, pornogr\u00e0fic, o qualsevol altre material que pogu\u00e9s donar lloc a responsabilitats civils o penals d&#8217;acord amb la legislaci\u00f3 aplicable, fets aquests dels quals en qualsevol cas ser\u00e0 responsable.<\/p>\n<p>3.5. Neweyes Tech, SL tampoc garanteix que aquest lloc web o els servidors que l&#8217;allotgen estiguin lliures de virus i d&#8217;un altre tipus de programari potencialment perill\u00f3s, aix\u00ed com la disponibilitat, continu\u00eftat, utilitat i infal\u00b7libilitat del funcionament d&#8217;aquest lloc, dels seus serveis o continguts; ni la licitud, fiabilitat o utilitat de la informaci\u00f3 i continguts subministrats per tercers a trav\u00e9s daquest lloc.<\/p>\n<p>3.6. Amb car\u00e0cter general, nom\u00e9s podran utilitzar aquest lloc les persones f\u00edsiques i jur\u00eddiques amb capacitat jur\u00eddica suficient d&#8217;acord amb la legislaci\u00f3 aplicable. De manera excepcional podran utilitzar el lloc menors d&#8217;edat que hagin obtingut pr\u00e8viament l&#8217;autoritzaci\u00f3 dels pares o tutors legals, els quals seran responsables de l&#8217;\u00fas que el menor a c\u00e0rrec seu faci del lloc.<\/p>\n<h2>4. COMPORTAMENT DELS USUARIS. PROHIBICIONS<\/h2>\n<p>4.1. L&#8217;\u00fas dels continguts i serveis oferts per Neweyes Tech, SL ser\u00e0 sota el risc i responsabilitat exclusiu de l&#8217;usuari.<\/p>\n<p>4.2. La companyia no assumeix cap deure o comprom\u00eds de verificar ni de vigilar els continguts i les informacions introdu\u00efts pels usuaris.<\/p>\n<p>4.3. L&#8217;usuari es compromet a utilitzar el lloc web i tot el seu contingut i serveis d&#8217;una manera diligent, sempre amb subjecci\u00f3 a la Llei, als bons costums, ia les presents condicions generals, mantenint sempre el respecte pels altres usuaris.<\/p>\n<p>4.4. Aix\u00ed mateix, l&#8217;usuari es compromet a fer un \u00fas adequat dels materials i informacions continguts al lloc web, no emprant-los per realitzar activitats il\u00b7l\u00edcites o constitutives de delicte, que atemptin contra els drets de tercers, o que infringeixin la regulaci\u00f3 sobre propietat intel\u00b7lectual i industrial, o qualssevol altres normes de l&#8217;ordenament jur\u00eddic aplicable, sent l&#8217;\u00fanic responsable davant de Neweyes.<\/p>\n<p>4.5. L&#8217;usuari es compromet a no transmetre, introduir, difondre o posar a disposici\u00f3 de tercers qualsevol tipus de material i informaci\u00f3 contraris a la Llei, a la moral, a l&#8217;ordre p\u00fablic ia les presents condicions generals d&#8217;\u00fas.<\/p>\n<p>4.6. En tot cas, l&#8217;usuari haur\u00e0 d&#8217;aportar sempre una informaci\u00f3 vera\u00e7 que no pugui portar a cap tipus de confusi\u00f3, aix\u00ed com dades identificatives correctes, i mai suplantant tercers o en nom d&#8217;aquests.<\/p>\n<p>4.7. Pel que fa a la infracci\u00f3 de qualsevol irregularitat, recordeu que l&#8217;adre\u00e7a IP del vostre ordinador queda registrada pel simple acc\u00e9s al nostre lloc web.<\/p>\n<h2>5. ZONES PROTEGIDES DEL LLOC WEB<\/h2>\n<p>5.1. Generalment per a l&#8217;acc\u00e9s als serveis de Neweyes Tech, SL no caldr\u00e0 la subscripci\u00f3 o el registre de l&#8217;usuari.<\/p>\n<p>5.2. La utilitzaci\u00f3 de determinats serveis podr\u00e0 estar condicionada a l&#8217;obtenci\u00f3 pr\u00e8via d&#8217;un compte personal mitjan\u00e7ant el registre de l&#8217;usuari. Aquest registre s&#8217;efectuar\u00e0 en la forma expressament assenyalada al lloc web.<\/p>\n<p>5.3. Aquest lloc pot contenir zones d&#8217;acc\u00e9s restringit, protegides per identificadors i contrasenyes o altres mecanismes de seguretat. L&#8217;usuari no intentar\u00e0 accedir a aquestes zones d&#8217;acc\u00e9s restringit si no est\u00e0 degudament autoritzat per Neweyes Tech, SL ni intentar\u00e0 defugir o manipular els mecanismes de protecci\u00f3 establerts per aquesta.<\/p>\n<p>5.4. L&#8217;usuari que hagi estat autoritzat per Neweyes Tech, SL per accedir a alguna d&#8217;aquestes zones protegides ser\u00e0 l&#8217;exclusiu responsable de mantenir en estricte secret, i no divulgar a tercers, els identificadors, les contrasenyes i altres m\u00e8todes de seguretat que Neweyes Tech, SL posi a la seva disposici\u00f3 per accedir a les zones protegides. L&#8217;usuari ser\u00e0, per tant, l&#8217;\u00fanic responsable dels danys que es derivin de no mantenir en secret els mecanismes de seguretat esmentats.<\/p>\n<p>Es comunica a lusuari que lintent dacc\u00e9s no autoritzat a les zones dacc\u00e9s restringit daquest lloc pot estar subjecte a responsabilitat civil i\/o penal.<\/p>\n<h2>6. PROPIETAT INTEL\u00b7LECTUAL I INDUSTRIAL<\/h2>\n<p>6.1. Tots els continguts del lloc, incloent, a t\u00edtol enunciatiu i no limitatiu, les marques comercials, logotips, gr\u00e0fics, imatges, arxius de so i v\u00eddeo, programari, codi de programaci\u00f3, textos, icones, i els noms que identifiquen serveis (d&#8217;ara endavant \u201cels materials\u201d) s\u00f3n propietat de Neweyes Tech, SL i estan protegits per la legislaci\u00f3 vigent en mat\u00e8ria de drets.<\/p>\n<p>6.2. L&#8217;acc\u00e9s de l&#8217;usuari a aquest lloc no implica cap tipus de ren\u00fancia, transmissi\u00f3 ni cessi\u00f3, total o parcial, dels drets de propietat esmentats, per aquesta ra\u00f3, l&#8217;acc\u00e9s a aquests continguts o elements no atorga, en cap concepte, a l&#8217;usuari la possibilitat de copiar-los, vendre&#8217;ls, modificar-los, reproduir-los, publicar-los, cessionar-los, o transmetre&#8217;s, o crear nous productes o serveis derivats de la informaci\u00f3 i elements aqu\u00ed continguts.<\/p>\n<p>6.3. \u00c9s per aix\u00f2 que l&#8217;usuari d&#8217;aquest lloc no podr\u00e0, excepte amb l&#8217;autoritzaci\u00f3 pr\u00e8via expressa i per escrit de Neweyes Tech, SL, copiar, distribuir, descarregar, modificar, suprimir, esborrar, alterar, publicar, transmetre, o aprofitar-se de qualsevol forma dels materials que cont\u00e9.<\/p>\n<p>6.4. L&#8217;usuari no adquireix drets o llic\u00e8ncia en relaci\u00f3 amb el servei ni els elements en aquest, excepte el dret limitat a utilitzar el servei d&#8217;acord amb les condicions aplicables. \u00danicament podr\u00e0 utilitzar els continguts o elements als quals accedeixi a trav\u00e9s dels serveis de Neweyes Tech, SL per al seu propi \u00fas i necessitats, obligant-se a no realitzar ni directament, ni indirectament una explotaci\u00f3 comercial, ni dels serveis, ni dels materials, elements, o informaci\u00f3 obtinguts a trav\u00e9s d&#8217;aquests.<\/p>\n<h2>7. INFORMACI\u00d3 TRANSMESA PELS USUARIS<\/h2>\n<p>7.1. Aquest lloc pot contenir f\u00f2rums p\u00fablics, sales de conversa (xats) i altres mecanismes mitjan\u00e7ant els quals els usuaris poden expressar la seva opini\u00f3 i intercanviar arxius en format electr\u00f2nic. Les informacions, comunicacions i fitxers que s&#8217;envi\u00efn a trav\u00e9s d&#8217;aquests f\u00f2rums i sales, juntament amb les adreces de correu electr\u00f2nic i altres comunicacions divulgades pels usuaris no tindran la consideraci\u00f3 de material confidencial.<\/p>\n<p>7.2. Quan els usuaris transmetin o publiquin qualsevol tipus d&#8217;informaci\u00f3 a aquest lloc, estaran atorgant autoritzaci\u00f3 a Neweyes Tech, SL per utilitzar aquesta informaci\u00f3, incloent-hi, sense limitaci\u00f3, la utilitzaci\u00f3, reproducci\u00f3, transmissi\u00f3, publicaci\u00f3 o enviament d&#8217;aquesta informaci\u00f3 amb qualsevol objecte, incloent-hi, sense limitaci\u00f3, la reproducci\u00f3, revelaci\u00f3, transmissi\u00f3, publicaci\u00f3 o enviament d&#8217;aquesta informaci\u00f3.<\/p>\n<p>7.3. Neweyes Tech, SL no assumeix cap responsabilitat pel contingut de la informaci\u00f3 o de les comunicacions enviades pels seus usuaris a trav\u00e9s d&#8217;aquestes \u00e0rees.<\/p>\n<h2>8. EXCLUSI\u00d3 DE GARANTIA I RESPONSABILITATS<\/h2>\n<p>8.1. Tota la informaci\u00f3 continguda en aquest lloc se subministra \u201ctal qual\u201d, sense que Neweyes Tech, SL atorgui garanties de cap mena, tant expresses com impl\u00edcites, relatives a la precisi\u00f3, fiabilitat i integritat d&#8217;aquest lloc. Neweyes Tech, SL no atorga cap garantia, expl\u00edcita o impl\u00edcita, incloent-hi, a t\u00edtol enunciatiu i no limitatiu, garanties per incompliment de qualitat, de comerciabilitat o d&#8217;idone\u00eftat per a una finalitat determinada.<\/p>\n<p>8.2. Neweyes Tech, SL tampoc garanteix que aquest lloc web, o els servidors que l&#8217;allotgen, estiguin lliures de virus i altres tipus de programari potencialment perill\u00f3s.<\/p>\n<p>8.3. Neweyes Tech, SL no garanteix la disponibilitat, continu\u00eftat, utilitat i infal\u00b7libilitat del funcionament d&#8217;aquest lloc web, dels seus serveis o dels seus continguts; ni la fiabilitat o utilitat de la informaci\u00f3 i continguts subministrats per tercers a trav\u00e9s daquest lloc. Tot i que Neweyes Tech, SL realitza tot esfor\u00e7 raonable per garantir la disponibilitat, acc\u00e9s, continu\u00eftat, i infal\u00b7libilitat del funcionament i dels seus serveis, Neweyes Tech, SL no garanteix les mateixes, ja que poden veure&#8217;s interferides per nombrosos factors aliens a ella. En conseq\u00fc\u00e8ncia, no ser\u00e0 responsable, (amb els l\u00edmits establerts a l&#8217;ordenament jur\u00eddic vigent), pels danys i perjudicis de tota naturalesa causats a l&#8217;usuari com a conseq\u00fc\u00e8ncia de l&#8217;esmentada indisponibilitat, fallades d&#8217;acc\u00e9s i manca de continu\u00eftat.<\/p>\n<h2>LIMITACI\u00d3 DE RESPONSABILITAT<\/h2>\n<p>9.1. Neweyes Tech, SL no es responsabilitzar\u00e0 de cap manera de qualsevol dany directe o indirecte, lucre cessant o p\u00e8rdua de dades i\/o clients que es derivin de l&#8217;\u00fas per part dels usuaris o de la impossibilitat d&#8217;\u00fas d&#8217;aquest lloc web.<\/p>\n<p>9.2. Aquest lloc pot contenir enlla\u00e7os hipertextuals (\u201cLinks\u201d) i remissions a altres llocs i p\u00e0gines web que poden no estar controlats per Neweyes Tech, SL, en aquests casos Neweyes Tech, SL no es responsabilitzar\u00e0 dels continguts que puguin apar\u00e8ixer en aquestes p\u00e0gines.<\/p>\n<p>9.3. L&#8217;usuari accepta expressament deixar exempta Neweyes Tech, SL de qualsevol responsabilitat dels actes o omissions de l&#8217;usuari basats en els continguts allotjats en aquest lloc.<\/p>\n<p>9.4. L&#8217;usuari ent\u00e9n i accepta expressament que qualsevol tipus de contingut, programari o qualsevol altre tipus de material, que descarregueu o obtingueu de qualsevol altra forma a trav\u00e9s d&#8217;aquest lloc es realitza pel vostre compte i risc, i que ell com a usuari ser\u00e0 l&#8217;\u00fanic responsable de qualsevol dany o p\u00e8rdua de dades causats als seus sistemes inform\u00e0tics.<\/p>\n<p>9.5. Neweyes Tech, SL ha posat tots els mitjans raonables per assegurar que la informaci\u00f3 que cont\u00e9 aquest lloc web \u00e9s correcta. No obstant aix\u00f2, els usuaris del lloc accepten con\u00e8ixer quina part de la informaci\u00f3 continguda en aquest lloc podria ser incorrecta, estar incompleta o antiquada o contenir errors.<\/p>\n<h2>10. DRET D&#8217;EXCLUSI\u00d3 I NUL\u00b7LITAT PARCIAL<\/h2>\n<p>10.1. Neweyes Tech, SL es reserva el dret de cancel\u00b7lar, eliminar, o desautoritzar la utilitzaci\u00f3 de tots o algun dels serveis del lloc web a qualsevol usuari sense necessitat de previ av\u00eds si al seu criteri, i en qualsevol tipus de circumst\u00e0ncia, aquest n&#8217;estigu\u00e9s fent un \u00fas incorrecte.<\/p>\n<p>10.2. Si un tribunal competent resol que qualsevol de les disposicions contingudes en aquestes condicions legals \u00e9s il\u00b7l\u00edcita o nul\u00b7la, aquesta disposici\u00f3 ser\u00e0 exclosa si aix\u00ed es requereix legalment. L&#8217;usuari accepta expressament que la resta de disposicions no excloses no es veuran modificades, i que continuaran tenint plena vig\u00e8ncia.<\/p>\n<h2>11. LLEI APLICABLE I JURISDICCI\u00d3<\/h2>\n<p>11.1 Aquest lloc est\u00e0 ubicat i \u00e9s operat des d&#8217;Espanya. Totes les q\u00fcestions relatives a aquest lloc es regeixen per les lleis espanyoles i se sotmeten a la jurisdicci\u00f3 dels Jutjats i Tribunals competents d&#8217;Espanya, sense que siguin aplicables els principis sobre conflicte de lleis. En aquells casos en qu\u00e8 l&#8217;usuari no tingui la condici\u00f3 de consumidor, o que tingui el domicili fora d&#8217;Espanya, Neweyes Tech, SL i l&#8217;usuari se sotmetran als Jutjats i Tribunals de Montgat, amb ren\u00fancia expressa a qualsevol altre fur que els pugui correspondre.<\/p>\n<p>11.2. Si l&#8217;usuari decideix utilitzar o consultar aquest lloc des de fora d&#8217;Espanya, cal tenir present que ho fa per iniciativa pr\u00f2pia, i que \u00e9s responsable del compliment de les lleis locals pertinents.<\/p>\n<h2>12. DURADA I REVISI\u00d3<\/h2>\n<p>12.1. Tot i que la relaci\u00f3 jur\u00eddica entre Neweyes Tech, SL i l&#8217;usuari, derivada de l&#8217;acc\u00e9s i la utilitzaci\u00f3 del lloc, t\u00e9 una durada indefinida, aquesta es considerar\u00e0 finalitzada en el moment que la companyia modifiqui les presents condicions generals. En el moment en qu\u00e8 la companyia anunci\u00ef la modificaci\u00f3 de les condicions generals, i l&#8217;usuari accedeixi i utilitzi els serveis i continguts del lloc, es considerar\u00e0 iniciada una nova relaci\u00f3 jur\u00eddica entre les dues parts de car\u00e0cter igualment indefinit.<\/p>\n<p>12.2. Sense perjudici de l&#8217;anterior, l&#8217;empresa Neweyes Tech, SL est\u00e0 facultada per suspendre, interrompre o donar per finalitzada de manera unilateral, en qualsevol moment i sense necessitat de preav\u00eds ni justa causa, la prestaci\u00f3 de qualsevol dels serveis que ofereix.<\/p>\n<p>12.3. Neweyes Tech, SL es reserva el dret a revisar, unilateralment i sense av\u00eds previ, aquestes condicions d&#8217;\u00fas en qualsevol moment. Les condicions revisades entraran en vigor tan bon punt quedin publicades en aquest lloc. Si l&#8217;usuari fa \u00fas habitual d&#8217;aquest lloc web haur\u00e0 de revisar les condicions amb regularitat, i s&#8217;abstindr\u00e0 d&#8217;accedir al lloc web si no consider\u00e9s acceptables qualsevol de les condicions revisades.<\/p>\t\t\t\t\t\t\t\t<\/div>\n\t\t\t\t\t<\/div>\n\t\t<\/div>\n\t\t\t\t\t<\/div>\n\t\t<\/section>\n\t\t\t\t<\/div>\n\t\t","protected":false},"excerpt":{"rendered":"<p>Termes i condicions d\u00fas de la p\u00e0gina 1. OBJECTE 1.1. Aquestes condicions legals regulen l&#8217;\u00fas i les condicions d&#8217;acc\u00e9s del lloc web https:\/\/www.esteticaeyecos.com (d&#8217;ara endavant el lloc), p\u00e0gina web propietat de Neweyes Tech,SL 1.2. L&#8217;\u00fas o l&#8217;acc\u00e9s a aquest lloc implica que vost\u00e8 (d&#8217;ara endavant \u201cusuari\u201d) reconeix haver llegit i compr\u00e8s les presents condicions legals [&hellip;]<\/p>\n","protected":false},"author":1,"featured_media":0,"parent":0,"menu_order":0,"comment_status":"closed","ping_status":"closed","template":"","meta":{"_seopress_robots_primary_cat":"","_seopress_titles_title":"","_seopress_titles_desc":"","_seopress_robots_index":"yes","_joinchat":[],"footnotes":""},"class_list":["post-7421","page","type-page","status-publish","hentry"],"_links":{"self":[{"href":"https:\/\/esteticaeyecos.com\/ca\/wp-json\/wp\/v2\/pages\/7421","targetHints":{"allow":["GET"]}}],"collection":[{"href":"https:\/\/esteticaeyecos.com\/ca\/wp-json\/wp\/v2\/pages"}],"about":[{"href":"https:\/\/esteticaeyecos.com\/ca\/wp-json\/wp\/v2\/types\/page"}],"author":[{"embeddable":true,"href":"https:\/\/esteticaeyecos.com\/ca\/wp-json\/wp\/v2\/users\/1"}],"replies":[{"embeddable":true,"href":"https:\/\/esteticaeyecos.com\/ca\/wp-json\/wp\/v2\/comments?post=7421"}],"version-history":[{"count":6,"href":"https:\/\/esteticaeyecos.com\/ca\/wp-json\/wp\/v2\/pages\/7421\/revisions"}],"predecessor-version":[{"id":9613,"href":"https:\/\/esteticaeyecos.com\/ca\/wp-json\/wp\/v2\/pages\/7421\/revisions\/9613"}],"wp:attachment":[{"href":"https:\/\/esteticaeyecos.com\/ca\/wp-json\/wp\/v2\/media?parent=7421"}],"curies":[{"name":"wp","href":"https:\/\/api.w.org\/{rel}","templated":true}]}}