{"id":7428,"date":"2024-10-26T08:10:37","date_gmt":"2024-10-26T08:10:37","guid":{"rendered":"https:\/\/esteticaeyecos.com\/advertencia\/"},"modified":"2025-09-20T07:30:47","modified_gmt":"2025-09-20T07:30:47","slug":"advertencia","status":"publish","type":"page","link":"https:\/\/esteticaeyecos.com\/ca\/advertencia\/","title":{"rendered":"Advert\u00e8ncia"},"content":{"rendered":"\t\t<div data-elementor-type=\"wp-page\" data-elementor-id=\"7428\" class=\"elementor elementor-7428 elementor-852\" data-elementor-post-type=\"page\">\n\t\t\t\t\t\t<section class=\"elementor-section elementor-top-section elementor-element elementor-element-4f52a9f elementor-section-boxed elementor-section-height-default elementor-section-height-default\" data-id=\"4f52a9f\" data-element_type=\"section\" data-e-type=\"section\">\n\t\t\t\t\t\t<div class=\"elementor-container elementor-column-gap-default\">\n\t\t\t\t\t<div class=\"elementor-column elementor-col-100 elementor-top-column elementor-element elementor-element-9fac00b\" data-id=\"9fac00b\" data-element_type=\"column\" data-e-type=\"column\">\n\t\t\t<div class=\"elementor-widget-wrap elementor-element-populated\">\n\t\t\t\t\t\t<div class=\"elementor-element elementor-element-e257506 elementor-widget elementor-widget-heading\" data-id=\"e257506\" data-element_type=\"widget\" data-e-type=\"widget\" data-widget_type=\"heading.default\">\n\t\t\t\t\t<h1 class=\"elementor-heading-title elementor-size-default\">Advert\u00e8ncia<\/h1>\t\t\t\t<\/div>\n\t\t\t\t<div class=\"elementor-element elementor-element-f138b92 elementor-widget elementor-widget-text-editor\" data-id=\"f138b92\" data-element_type=\"widget\" data-e-type=\"widget\" data-widget_type=\"text-editor.default\">\n\t\t\t\t\t\t\t\t\t<p>Eyecos no es far\u00e0 mai responsable de devolucions a causa del resultat est\u00e8tic final ja que aquest dep\u00e8n dels gens de cada individu, ni tampoc per la interrupci\u00f3 volunt\u00e0ria del tractament un cop comen\u00e7at.<\/p>\n<p>En cap cas de cancel\u00b7laci\u00f3 del tractament Eyecos es far\u00e0 responsable de devolucions de les despeses de viatge, com a hotel, vols,\u2026 at\u00e8s que Eyecos mai contracta aquests serveis. Per aix\u00f2 us recomanem sempre fer la vostra reserva amb asseguran\u00e7a de cancel\u00b7laci\u00f3.<\/p>\t\t\t\t\t\t\t\t<\/div>\n\t\t\t\t\t<\/div>\n\t\t<\/div>\n\t\t\t\t\t<\/div>\n\t\t<\/section>\n\t\t\t\t<\/div>\n\t\t","protected":false},"excerpt":{"rendered":"<p>Advert\u00e8ncia Eyecos no es far\u00e0 mai responsable de devolucions a causa del resultat est\u00e8tic final ja que aquest dep\u00e8n dels gens de cada individu, ni tampoc per la interrupci\u00f3 volunt\u00e0ria del tractament un cop comen\u00e7at. En cap cas de cancel\u00b7laci\u00f3 del tractament Eyecos es far\u00e0 responsable de devolucions de les despeses de viatge, com a [&hellip;]<\/p>\n","protected":false},"author":1,"featured_media":0,"parent":0,"menu_order":0,"comment_status":"closed","ping_status":"closed","template":"","meta":{"_seopress_robots_primary_cat":"","_seopress_titles_title":"","_seopress_titles_desc":"","_seopress_robots_index":"yes","_joinchat":[],"footnotes":""},"class_list":["post-7428","page","type-page","status-publish","hentry"],"_links":{"self":[{"href":"https:\/\/esteticaeyecos.com\/ca\/wp-json\/wp\/v2\/pages\/7428","targetHints":{"allow":["GET"]}}],"collection":[{"href":"https:\/\/esteticaeyecos.com\/ca\/wp-json\/wp\/v2\/pages"}],"about":[{"href":"https:\/\/esteticaeyecos.com\/ca\/wp-json\/wp\/v2\/types\/page"}],"author":[{"embeddable":true,"href":"https:\/\/esteticaeyecos.com\/ca\/wp-json\/wp\/v2\/users\/1"}],"replies":[{"embeddable":true,"href":"https:\/\/esteticaeyecos.com\/ca\/wp-json\/wp\/v2\/comments?post=7428"}],"version-history":[{"count":0,"href":"https:\/\/esteticaeyecos.com\/ca\/wp-json\/wp\/v2\/pages\/7428\/revisions"}],"wp:attachment":[{"href":"https:\/\/esteticaeyecos.com\/ca\/wp-json\/wp\/v2\/media?parent=7428"}],"curies":[{"name":"wp","href":"https:\/\/api.w.org\/{rel}","templated":true}]}}