{"id":7723,"date":"2025-07-01T11:34:02","date_gmt":"2025-07-01T11:34:02","guid":{"rendered":"https:\/\/esteticaeyecos.com\/mi-cuenta\/"},"modified":"2025-09-21T08:55:54","modified_gmt":"2025-09-21T08:55:54","slug":"el-meu-compte","status":"publish","type":"page","link":"https:\/\/esteticaeyecos.com\/ca\/el-meu-compte\/","title":{"rendered":"El meu compte"},"content":{"rendered":"\t\t<div data-elementor-type=\"wp-page\" data-elementor-id=\"7723\" class=\"elementor elementor-7723 elementor-4908\" data-elementor-post-type=\"page\">\n\t\t\t\t\t\t<section class=\"elementor-section elementor-top-section elementor-element elementor-element-d32f1b4 elementor-section-boxed elementor-section-height-default elementor-section-height-default\" data-id=\"d32f1b4\" data-element_type=\"section\" data-e-type=\"section\">\n\t\t\t\t\t\t<div class=\"elementor-container elementor-column-gap-default\">\n\t\t\t\t\t<div class=\"elementor-column elementor-col-100 elementor-top-column elementor-element elementor-element-1a21801\" data-id=\"1a21801\" data-element_type=\"column\" data-e-type=\"column\">\n\t\t\t<div class=\"elementor-widget-wrap elementor-element-populated\">\n\t\t\t\t\t\t<div class=\"elementor-element elementor-element-c9f9da9 elementor-widget elementor-widget-heading\" data-id=\"c9f9da9\" data-element_type=\"widget\" data-e-type=\"widget\" data-widget_type=\"heading.default\">\n\t\t\t\t\t<h1 class=\"elementor-heading-title elementor-size-default\">Mi cuenta - Eyecos Est\u00e9tica<\/h1>\t\t\t\t<\/div>\n\t\t\t\t<div class=\"elementor-element elementor-element-11c11ef e-my-account-tabs-vertical elementor-widget elementor-widget-woocommerce-my-account\" data-id=\"11c11ef\" data-element_type=\"widget\" data-e-type=\"widget\" data-widget_type=\"woocommerce-my-account.default\">\n\t\t\t\t\t<div class=\"e-my-account-tab e-my-account-tab__ \">\t\t\t<div class=\"woocommerce\"><\/div>\t\t<\/div>\n\t\t\t\t\t\t<\/div>\n\t\t\t\t\t<\/div>\n\t\t<\/div>\n\t\t\t\t\t<\/div>\n\t\t<\/section>\n\t\t\t\t<\/div>\n\t\t","protected":false},"excerpt":{"rendered":"<p>Mi cuenta &#8211; Eyecos Est\u00e9tica Inicio Pedidos Direcci\u00f3n M\u00e9todos de pago Detalles de la cuenta Cerrar sesi\u00f3n Hola Cl\u00ednica Eyecos (\u00bfno eres Cl\u00ednica Eyecos? Cerrar sesi\u00f3n) Desde el escritorio de tu cuenta puedes ver tus pedidos recientes, gestionar tu direcci\u00f3n de facturaci\u00f3n y editar tu contrase\u00f1a y los detalles de tu cuenta.<\/p>\n","protected":false},"author":1,"featured_media":0,"parent":0,"menu_order":0,"comment_status":"closed","ping_status":"closed","template":"","meta":{"_seopress_robots_primary_cat":"","_seopress_titles_title":"","_seopress_titles_desc":"","_seopress_robots_index":"","_joinchat":[],"footnotes":""},"class_list":["post-7723","page","type-page","status-publish","hentry"],"_links":{"self":[{"href":"https:\/\/esteticaeyecos.com\/ca\/wp-json\/wp\/v2\/pages\/7723","targetHints":{"allow":["GET"]}}],"collection":[{"href":"https:\/\/esteticaeyecos.com\/ca\/wp-json\/wp\/v2\/pages"}],"about":[{"href":"https:\/\/esteticaeyecos.com\/ca\/wp-json\/wp\/v2\/types\/page"}],"author":[{"embeddable":true,"href":"https:\/\/esteticaeyecos.com\/ca\/wp-json\/wp\/v2\/users\/1"}],"replies":[{"embeddable":true,"href":"https:\/\/esteticaeyecos.com\/ca\/wp-json\/wp\/v2\/comments?post=7723"}],"version-history":[{"count":0,"href":"https:\/\/esteticaeyecos.com\/ca\/wp-json\/wp\/v2\/pages\/7723\/revisions"}],"wp:attachment":[{"href":"https:\/\/esteticaeyecos.com\/ca\/wp-json\/wp\/v2\/media?parent=7723"}],"curies":[{"name":"wp","href":"https:\/\/api.w.org\/{rel}","templated":true}]}}