{"id":8539,"date":"2025-10-06T14:38:28","date_gmt":"2025-10-06T14:38:28","guid":{"rendered":"https:\/\/esteticaeyecos.com\/tractaments-facials\/labios\/"},"modified":"2025-10-07T10:03:57","modified_gmt":"2025-10-07T10:03:57","slug":"llavis","status":"publish","type":"page","link":"https:\/\/esteticaeyecos.com\/ca\/tractaments-facials\/llavis\/","title":{"rendered":"Llavis"},"content":{"rendered":"\t\t<div data-elementor-type=\"wp-page\" data-elementor-id=\"8539\" class=\"elementor elementor-8539 elementor-8492\" data-elementor-post-type=\"page\">\n\t\t\t\t\t\t<section class=\"elementor-section elementor-top-section elementor-element elementor-element-be3be03 elementor-section-content-bottom elementor-section-height-min-height elementor-section-boxed elementor-section-height-default elementor-section-items-middle elementor-invisible\" data-id=\"be3be03\" data-element_type=\"section\" data-e-type=\"section\" data-settings=\"{&quot;animation&quot;:&quot;fadeIn&quot;,&quot;animation_delay&quot;:800,&quot;background_background&quot;:&quot;classic&quot;}\">\n\t\t\t\t\t\t\t<div class=\"elementor-background-overlay\"><\/div>\n\t\t\t\t\t\t\t<div class=\"elementor-container elementor-column-gap-no\">\n\t\t\t\t\t<div class=\"elementor-column elementor-col-100 elementor-top-column elementor-element elementor-element-947a761\" data-id=\"947a761\" data-element_type=\"column\" data-e-type=\"column\">\n\t\t\t<div class=\"elementor-widget-wrap elementor-element-populated\">\n\t\t\t\t\t\t<div class=\"elementor-element elementor-element-a3d5b71 elementor-widget elementor-widget-heading\" data-id=\"a3d5b71\" data-element_type=\"widget\" data-e-type=\"widget\" data-widget_type=\"heading.default\">\n\t\t\t\t\t<h1 class=\"elementor-heading-title elementor-size-default\">Llavis<\/h1>\t\t\t\t<\/div>\n\t\t\t\t<div class=\"elementor-element elementor-element-9e21255 elementor-widget__width-initial elementor-widget elementor-widget-heading\" data-id=\"9e21255\" data-element_type=\"widget\" data-e-type=\"widget\" data-widget_type=\"heading.default\">\n\t\t\t\t\t<h2 class=\"elementor-heading-title elementor-size-default\">Rejoveneix la teva pell sense cirurgia i <br>redefineix la teva bellesa<\/h2>\t\t\t\t<\/div>\n\t\t\t\t\t<\/div>\n\t\t<\/div>\n\t\t\t\t\t<\/div>\n\t\t<\/section>\n\t\t\t\t<section class=\"elementor-section elementor-top-section elementor-element elementor-element-d7ca5e3 elementor-section-boxed elementor-section-height-default elementor-section-height-default\" data-id=\"d7ca5e3\" data-element_type=\"section\" data-e-type=\"section\" data-settings=\"{&quot;background_background&quot;:&quot;classic&quot;,&quot;sticky&quot;:&quot;top&quot;,&quot;sticky_offset&quot;:91,&quot;sticky_offset_mobile&quot;:70,&quot;sticky_on&quot;:[&quot;desktop&quot;,&quot;tablet&quot;,&quot;mobile&quot;],&quot;sticky_effects_offset&quot;:0,&quot;sticky_anchor_link_offset&quot;:0}\">\n\t\t\t\t\t\t<div class=\"elementor-container elementor-column-gap-default\">\n\t\t\t\t\t<div class=\"elementor-column elementor-col-100 elementor-top-column elementor-element elementor-element-e86268d\" data-id=\"e86268d\" data-element_type=\"column\" data-e-type=\"column\">\n\t\t\t<div class=\"elementor-widget-wrap elementor-element-populated\">\n\t\t\t\t\t\t<div class=\"elementor-element elementor-element-cd6e0de elementor-widget elementor-widget-text-editor\" data-id=\"cd6e0de\" data-element_type=\"widget\" data-e-type=\"widget\" data-widget_type=\"text-editor.default\">\n\t\t\t\t\t\t\t\t\t<a href=\"#llavis\">Microneedling per a Llavis<\/a>\t\t\t\t\t\t\t\t<\/div>\n\t\t\t\t\t<\/div>\n\t\t<\/div>\n\t\t\t\t\t<\/div>\n\t\t<\/section>\n\t\t\t\t<section class=\"elementor-section elementor-top-section elementor-element elementor-element-2ae9a6f elementor-section-content-top elementor-reverse-mobile elementor-section-boxed elementor-section-height-default elementor-section-height-default\" data-id=\"2ae9a6f\" data-element_type=\"section\" data-e-type=\"section\">\n\t\t\t\t\t\t<div class=\"elementor-container elementor-column-gap-no\">\n\t\t\t\t\t<div class=\"elementor-column elementor-col-50 elementor-top-column elementor-element elementor-element-221caa2\" data-id=\"221caa2\" data-element_type=\"column\" data-e-type=\"column\">\n\t\t\t<div class=\"elementor-widget-wrap elementor-element-populated\">\n\t\t\t\t\t\t<div class=\"elementor-element elementor-element-fb53afe elementor-widget elementor-widget-heading\" data-id=\"fb53afe\" data-element_type=\"widget\" data-e-type=\"widget\" data-widget_type=\"heading.default\">\n\t\t\t\t\t<h2 class=\"elementor-heading-title elementor-size-default\">Microneedling per a Llavis<\/h2>\t\t\t\t<\/div>\n\t\t\t\t<div class=\"elementor-element elementor-element-9b9bf08 elementor-widget elementor-widget-text-editor\" data-id=\"9b9bf08\" data-element_type=\"widget\" data-e-type=\"widget\" data-widget_type=\"text-editor.default\">\n\t\t\t\t\t\t\t\t\t<p><strong>En qu\u00e8 consisteix el tractament?<\/strong><\/p><p>El microneedling per a llavis \u00e9s un tractament est\u00e8tic no invasiu que utilitza microagulles molt fines per estimular la producci\u00f3 natural de col\u00b7lagen i millorar l&#8217;absorci\u00f3 de principis actius a la zona labial. Est\u00e0 dissenyat per rejovenir, hidratar i embellir els llavis sense necessitat de farcits.<\/p><p><strong>Qu\u00e8 aporta a la pell?<\/strong><\/p><p>Activa la regeneraci\u00f3 cel\u00b7lular i la s\u00edntesi de col\u00b7lagen, afavoreix la hidrataci\u00f3 profunda gr\u00e0cies a l&#8217;aplicaci\u00f3 d&#8217;actius espec\u00edfics, millora la textura i la definici\u00f3 de la vora labial i estimula la microcirculaci\u00f3 aportant un color natural m\u00e9s saludable.<\/p><p><strong>Beneficis:<\/strong><\/p><ul><li>Llavis m\u00e9s suaus, hidratats i sucosos.<\/li><li>Llavis m\u00e9s ferms i el\u00e0stics.<\/li><li>Volum natural sense farcits.<\/li><li>Real\u00e7a el color i la lluminositat dels llavis.<\/li><li>Difumina petites arrugues al contorn labial.<\/li><li>Tractament r\u00e0pid, segur i amb resultats visibles des de la primera sessi\u00f3.<\/li><\/ul>\t\t\t\t\t\t\t\t<\/div>\n\t\t\t\t\t<\/div>\n\t\t<\/div>\n\t\t\t\t<div class=\"elementor-column elementor-col-50 elementor-top-column elementor-element elementor-element-b4d727a\" data-id=\"b4d727a\" data-element_type=\"column\" data-e-type=\"column\" data-settings=\"{&quot;background_background&quot;:&quot;classic&quot;,&quot;background_motion_fx_motion_fx_scrolling&quot;:&quot;yes&quot;,&quot;background_motion_fx_scale_effect&quot;:&quot;yes&quot;,&quot;background_motion_fx_scale_speed&quot;:{&quot;unit&quot;:&quot;px&quot;,&quot;size&quot;:1,&quot;sizes&quot;:[]},&quot;background_motion_fx_scale_range&quot;:{&quot;unit&quot;:&quot;%&quot;,&quot;size&quot;:&quot;&quot;,&quot;sizes&quot;:{&quot;start&quot;:0,&quot;end&quot;:100}},&quot;background_motion_fx_scale_direction&quot;:&quot;out-in&quot;,&quot;background_motion_fx_devices&quot;:[&quot;desktop&quot;,&quot;tablet&quot;,&quot;mobile&quot;]}\">\n\t\t\t<div class=\"elementor-widget-wrap elementor-element-populated\">\n\t\t\t\t\t\t<div class=\"elementor-element elementor-element-73f6dcb elementor-widget elementor-widget-html\" data-id=\"73f6dcb\" data-element_type=\"widget\" data-e-type=\"widget\" data-widget_type=\"html.default\">\n\t\t\t\t\t<div id=\"llavis\" style=\"scroll-margin-top: 150px;\"><\/div>\t\t\t\t<\/div>\n\t\t\t\t<div class=\"elementor-element elementor-element-a6bfb0c elementor--h-position-center elementor--v-position-middle elementor-arrows-position-inside elementor-pagination-position-inside elementor-widget elementor-widget-slides\" data-id=\"a6bfb0c\" data-element_type=\"widget\" data-e-type=\"widget\" data-settings=\"{&quot;navigation&quot;:&quot;both&quot;,&quot;autoplay&quot;:&quot;yes&quot;,&quot;pause_on_hover&quot;:&quot;yes&quot;,&quot;pause_on_interaction&quot;:&quot;yes&quot;,&quot;autoplay_speed&quot;:5000,&quot;infinite&quot;:&quot;yes&quot;,&quot;transition&quot;:&quot;slide&quot;,&quot;transition_speed&quot;:500}\" data-widget_type=\"slides.default\">\n\t\t\t\t\t\t\t\t\t\t<div class=\"elementor-slides-wrapper elementor-main-swiper swiper\" role=\"region\" aria-roledescription=\"carousel\" aria-label=\"Diapositivas\" dir=\"ltr\" data-animation=\"fadeInUp\">\n\t\t\t\t<div class=\"swiper-wrapper elementor-slides\">\n\t\t\t\t\t\t\t\t\t\t<div class=\"elementor-repeater-item-8539bf0 swiper-slide\" role=\"group\" aria-roledescription=\"slide\"><div class=\"swiper-slide-bg\" role=\"img\" aria-label=\"Tratamiento de labios. Cl\u00ednica Est\u00e9tica Barcelona\"><\/div><div class=\"swiper-slide-inner\" ><div class=\"swiper-slide-contents\"><\/div><\/div><\/div><div class=\"elementor-repeater-item-cdcc7ac swiper-slide\" role=\"group\" aria-roledescription=\"slide\"><div class=\"swiper-slide-bg\" role=\"img\" aria-label=\"Tratamiento est\u00e9tico labios. Barcelona\"><\/div><div class=\"swiper-slide-inner\" ><div class=\"swiper-slide-contents\"><\/div><\/div><\/div><div class=\"elementor-repeater-item-972a9bd swiper-slide\" role=\"group\" aria-roledescription=\"slide\"><div class=\"swiper-slide-bg\" role=\"img\" aria-label=\"Cl\u00ednica estetica barcelona. Tratamientos labios\"><\/div><div class=\"swiper-slide-inner\" ><div class=\"swiper-slide-contents\"><\/div><\/div><\/div>\t\t\t\t<\/div>\n\t\t\t\t\t\t\t\t\t\t\t\t\t\t\t<div class=\"elementor-swiper-button elementor-swiper-button-prev\" role=\"button\" tabindex=\"0\" aria-label=\"Previous slide\">\n\t\t\t\t\t\t\t<svg aria-hidden=\"true\" class=\"e-font-icon-svg e-eicon-chevron-left\" viewBox=\"0 0 1000 1000\" xmlns=\"http:\/\/www.w3.org\/2000\/svg\"><path d=\"M646 125C629 125 613 133 604 142L308 442C296 454 292 471 292 487 292 504 296 521 308 533L604 854C617 867 629 875 646 875 663 875 679 871 692 858 704 846 713 829 713 812 713 796 708 779 692 767L438 487 692 225C700 217 708 204 708 187 708 171 704 154 692 142 675 129 663 125 646 125Z\"><\/path><\/svg>\t\t\t\t\t\t<\/div>\n\t\t\t\t\t\t<div class=\"elementor-swiper-button elementor-swiper-button-next\" role=\"button\" tabindex=\"0\" aria-label=\"Next slide\">\n\t\t\t\t\t\t\t<svg aria-hidden=\"true\" class=\"e-font-icon-svg e-eicon-chevron-right\" viewBox=\"0 0 1000 1000\" xmlns=\"http:\/\/www.w3.org\/2000\/svg\"><path d=\"M696 533C708 521 713 504 713 487 713 471 708 454 696 446L400 146C388 133 375 125 354 125 338 125 325 129 313 142 300 154 292 171 292 187 292 204 296 221 308 233L563 492 304 771C292 783 288 800 288 817 288 833 296 850 308 863 321 871 338 875 354 875 371 875 388 867 400 854L696 533Z\"><\/path><\/svg>\t\t\t\t\t\t<\/div>\n\t\t\t\t\t\t\t\t\t\t\t\t\t\t\t\t<div class=\"swiper-pagination\"><\/div>\n\t\t\t\t\t\t\t\t\t\t\t\t<\/div>\n\t\t\t\t\t\t\t\t<\/div>\n\t\t\t\t\t<\/div>\n\t\t<\/div>\n\t\t\t\t\t<\/div>\n\t\t<\/section>\n\t\t\t\t<section class=\"elementor-section elementor-top-section elementor-element elementor-element-fe37ca3 elementor-section-boxed elementor-section-height-default elementor-section-height-default\" data-id=\"fe37ca3\" data-element_type=\"section\" data-e-type=\"section\">\n\t\t\t\t\t\t<div class=\"elementor-container elementor-column-gap-default\">\n\t\t\t\t\t<div class=\"elementor-column elementor-col-100 elementor-top-column elementor-element elementor-element-4447ad3\" data-id=\"4447ad3\" data-element_type=\"column\" data-e-type=\"column\">\n\t\t\t<div class=\"elementor-widget-wrap elementor-element-populated\">\n\t\t\t\t\t\t<div class=\"elementor-element elementor-element-8557167 elementor-icon-list--layout-inline elementor-list-item-link-full_width elementor-widget elementor-widget-icon-list\" data-id=\"8557167\" data-element_type=\"widget\" data-e-type=\"widget\" data-widget_type=\"icon-list.default\">\n\t\t\t\t\t\t\t<ul class=\"elementor-icon-list-items elementor-inline-items\">\n\t\t\t\t\t\t\t<li class=\"elementor-icon-list-item elementor-inline-item\">\n\t\t\t\t\t\t\t\t\t\t\t<span class=\"elementor-icon-list-icon\">\n\t\t\t\t\t\t\t<svg xmlns=\"http:\/\/www.w3.org\/2000\/svg\" id=\"Capa_1\" viewBox=\"0 0 982.27 1010.44\"><defs><style>.cls-1{fill:none;stroke:#000;stroke-linecap:round;stroke-linejoin:round;stroke-width:28.35px;}<\/style><\/defs><circle class=\"cls-1\" cx=\"491.14\" cy=\"505.22\" r=\"450.38\"><\/circle><polyline class=\"cls-1\" points=\"456.14 221.63 456.14 505.22 671.16 505.22\"><\/polyline><\/svg>\t\t\t\t\t\t<\/span>\n\t\t\t\t\t\t\t\t\t\t<span class=\"elementor-icon-list-text\">DURADA DEL TRACTAMENT <br> <span style=\"color: #000\">30 minuts<\/span><\/span>\n\t\t\t\t\t\t\t\t\t<\/li>\n\t\t\t\t\t\t\t\t<li class=\"elementor-icon-list-item elementor-inline-item\">\n\t\t\t\t\t\t\t\t\t\t\t<span class=\"elementor-icon-list-icon\">\n\t\t\t\t\t\t\t<svg xmlns=\"http:\/\/www.w3.org\/2000\/svg\" id=\"Capa_1\" viewBox=\"0 0 982.27 1010.44\"><defs><style>.cls-1{fill:none;stroke:#000;stroke-linecap:round;stroke-linejoin:round;stroke-width:28.35px;}<\/style><\/defs><path class=\"cls-1\" d=\"M495.17,964.32l447.38.05c-.29-56.91-.41-144.63.81-252.08,2.94-260.33,9.6-272.8-5.39-323.99-61.33-209.46-262.52-306.77-308.91-321.57-54.94-17.52-109.66-19.93-109.66-19.93-12.64-.53-21.83-.31-26.58-.3-253.51.6-458.53,206.6-457.92,460.11.6,250.31,201.54,452.97,450.65,457.47l-.16.24h5.18c.74.07,1.48.11,2.22.11.79,0,1.59-.03,2.38-.11Z\"><\/path><path class=\"cls-1\" d=\"M490.59,706.77c-36.97-15.04-154.66-68.44-199.1-189.91-9.49-25.95-48.43-132.39,7.95-185.4,29.63-27.86,80.3-35.99,122.19-17.17,45.72,20.54,73.9,70.01,68.97,122.92\"><\/path><path class=\"cls-1\" d=\"M491.7,706.77c36.97-15.04,154.66-68.44,199.1-189.91,9.49-25.95,48.43-132.39-7.95-185.4-29.63-27.86-80.3-35.99-122.19-17.17-45.72,20.54-73.9,70.01-68.97,122.92\"><\/path><\/svg>\t\t\t\t\t\t<\/span>\n\t\t\t\t\t\t\t\t\t\t<span class=\"elementor-icon-list-text\">RECUPERACI\u00d3 <br> <span style=\"color: #000\">No requereix<\/span><\/span>\n\t\t\t\t\t\t\t\t\t<\/li>\n\t\t\t\t\t\t\t\t<li class=\"elementor-icon-list-item elementor-inline-item\">\n\t\t\t\t\t\t\t\t\t\t\t<span class=\"elementor-icon-list-icon\">\n\t\t\t\t\t\t\t<svg xmlns=\"http:\/\/www.w3.org\/2000\/svg\" id=\"Capa_1\" viewBox=\"0 0 982.27 1010.44\"><path d=\"M218.95,437.52c-37.14,0-72.03-14.5-98.25-40.82-25.53-25.71-40.59-60.25-42.39-97.27-2.19-45.87,17.74-107.46,59.26-183.07,30.93-56.34,62.75-99.99,66.27-104.77l4.76-6.41c2.42-3.26,6.23-5.17,10.29-5.18h0c4.04,0,7.87,1.91,10.28,5.17l4.72,6.32c5.09,6.76,125.67,168.17,125.67,286.69,0,76.82-63.08,139.33-140.62,139.33ZM218.92,34.53c-44.34,62.08-118.64,187.08-114.98,263.67,1.49,30.67,13.91,59.22,34.96,80.41,21.36,21.44,49.79,33.25,80.05,33.25,63.39,0,114.96-50.99,114.96-113.67,0-96.24-91.31-230.47-115-263.66Z\"><\/path><path d=\"M532.77,1010.44c-58.6,0-113.55-22.83-154.78-64.31-40.37-40.56-64.12-95.2-66.88-153.86-3.61-74.79,30.28-176.89,100.72-303.42,49.3-88.6,100.13-158.8,105.77-166.51.02-.04.14-.19.16-.23l4.71-6.35c2.42-3.25,6.23-5.18,10.29-5.18h0c4.05,0,7.87,1.91,10.29,5.17l4.71,6.31c.05.07.1.13.15.19l.06.08c5.46,7.36,54.66,74.44,102.47,160.32,68.8,123.51,103.68,227.39,103.68,308.75,0,120.78-99.3,219.03-221.36,219.03ZM532.81,345.11c-15.3,21.49-57.44,82.31-98.56,156.21-68.08,122.3-100.89,219.78-97.51,289.73,2.46,52.29,23.58,100.95,59.45,137,36.37,36.59,84.86,56.74,136.58,56.74,107.91,0,195.7-86.76,195.7-193.38,0-76.94-33.79-176.62-100.44-296.27-39.7-71.31-80.31-129.32-95.22-150.03Z\"><\/path><path d=\"M789.16,397.62c-30.36,0-58.89-11.86-80.33-33.38-20.88-21.02-33.19-49.26-34.66-79.53-1.79-37.5,14.51-87.86,48.45-149.68,25.29-46.06,51.3-81.75,54.19-85.66l3.89-5.24c1.98-2.66,5.1-4.23,8.42-4.23h0c3.31,0,6.43,1.56,8.4,4.23l3.86,5.17c4.16,5.53,102.75,137.5,102.75,234.41,0,62.81-51.57,113.92-114.98,113.92ZM789.13,68.12c-36.25,50.76-97.01,152.96-94.01,215.58,1.22,25.07,11.37,48.42,28.59,65.75,17.46,17.53,40.71,27.19,65.45,27.19,51.83,0,93.99-41.69,93.99-92.94,0-78.69-74.65-188.44-94.02-215.58Z\"><\/path><\/svg>\t\t\t\t\t\t<\/span>\n\t\t\t\t\t\t\t\t\t\t<span class=\"elementor-icon-list-text\">TIPUS DE PELL <br> <span style=\"color: #000\">Llavis deshidratats, arrugues peribucals<\/span><\/span>\n\t\t\t\t\t\t\t\t\t<\/li>\n\t\t\t\t\t\t\t\t<li class=\"elementor-icon-list-item elementor-inline-item\">\n\t\t\t\t\t\t\t\t\t\t\t<span class=\"elementor-icon-list-icon\">\n\t\t\t\t\t\t\t\t\t\t\t\t\t<\/span>\n\t\t\t\t\t\t\t\t\t\t<span class=\"elementor-icon-list-text\">ANESTESIA <br> <span style=\"color: #000\">No requereix<\/span><\/span>\n\t\t\t\t\t\t\t\t\t<\/li>\n\t\t\t\t\t\t\t\t<li class=\"elementor-icon-list-item elementor-inline-item\">\n\t\t\t\t\t\t\t\t\t\t\t<span class=\"elementor-icon-list-icon\">\n\t\t\t\t\t\t\t<svg xmlns=\"http:\/\/www.w3.org\/2000\/svg\" id=\"Capa_1\" viewBox=\"0 0 982.27 1010.44\"><defs><style>.cls-1{fill:none;stroke:#000;stroke-linecap:round;stroke-linejoin:round;stroke-width:28.82px;}<\/style><\/defs><path class=\"cls-1\" d=\"M42.75,511.79c0,250.11,201.64,452.86,450.38,452.86s450.38-202.75,450.38-452.86S741.87,58.92,493.13,58.92c-162.27,0-304.49,86.29-383.77,215.72V74.56\"><\/path><polyline class=\"cls-1\" points=\"458.12 226.63 458.12 511.79 673.14 511.79\"><\/polyline><line class=\"cls-1\" x1=\"292.84\" y1=\"249.77\" x2=\"109.36\" y2=\"275\"><\/line><\/svg>\t\t\t\t\t\t<\/span>\n\t\t\t\t\t\t\t\t\t\t<span class=\"elementor-icon-list-text\">EFECTE<br> <span style=\"color: #000\">Millora gradual<\/span><\/span>\n\t\t\t\t\t\t\t\t\t<\/li>\n\t\t\t\t\t\t\t\t<li class=\"elementor-icon-list-item elementor-inline-item\">\n\t\t\t\t\t\t\t\t\t\t\t<span class=\"elementor-icon-list-icon\">\n\t\t\t\t\t\t\t<svg xmlns=\"http:\/\/www.w3.org\/2000\/svg\" id=\"Capa_1\" viewBox=\"0 0 982.27 1010.44\"><defs><style>.cls-1{stroke-linecap:round;stroke-linejoin:round;}.cls-1,.cls-2{fill:none;stroke:#000;stroke-width:28.35px;}.cls-2{stroke-miterlimit:10;}<\/style><\/defs><path class=\"cls-2\" d=\"M17.15,535.06s438.5-651.48,947.99,0c0,0-438.5,739.18-947.99,0Z\"><\/path><circle class=\"cls-2\" cx=\"495\" cy=\"554.55\" r=\"196.28\"><\/circle><line class=\"cls-1\" x1=\"185.72\" y1=\"358.27\" x2=\"72.97\" y2=\"214.33\"><\/line><line class=\"cls-1\" x1=\"326.82\" y1=\"277.53\" x2=\"263.86\" y2=\"75.68\"><\/line><line class=\"cls-1\" x1=\"487.28\" y1=\"245.51\" x2=\"487.28\" y2=\"46.45\"><\/line><line class=\"cls-1\" x1=\"649.4\" y1=\"269.18\" x2=\"699.01\" y2=\"84.03\"><\/line><line class=\"cls-1\" x1=\"798.42\" y1=\"358.27\" x2=\"919.59\" y2=\"214.33\"><\/line><\/svg>\t\t\t\t\t\t<\/span>\n\t\t\t\t\t\t\t\t\t\t<span class=\"elementor-icon-list-text\">RESULTATS <br> <span style=\"color: #000\">Naturals<\/span><\/span>\n\t\t\t\t\t\t\t\t\t<\/li>\n\t\t\t\t\t\t<\/ul>\n\t\t\t\t\t\t<\/div>\n\t\t\t\t<div class=\"elementor-element elementor-element-0dec999 elementor-widget-divider--view-line elementor-widget elementor-widget-divider\" data-id=\"0dec999\" data-element_type=\"widget\" data-e-type=\"widget\" data-widget_type=\"divider.default\">\n\t\t\t\t\t\t\t<div class=\"elementor-divider\">\n\t\t\t<span class=\"elementor-divider-separator\">\n\t\t\t\t\t\t<\/span>\n\t\t<\/div>\n\t\t\t\t\t\t<\/div>\n\t\t\t\t\t<\/div>\n\t\t<\/div>\n\t\t\t\t\t<\/div>\n\t\t<\/section>\n\t\t\t\t<\/div>\n\t\t","protected":false},"excerpt":{"rendered":"<p>Llavis Rejoveneix la teva pell sense cirurgia i redefineix la teva bellesa Microneedling per a Llavis Microneedling per a Llavis En qu\u00e8 consisteix el tractament? El microneedling per a llavis \u00e9s un tractament est\u00e8tic no invasiu que utilitza microagulles molt fines per estimular la producci\u00f3 natural de col\u00b7lagen i millorar l&#8217;absorci\u00f3 de principis actius a [&hellip;]<\/p>\n","protected":false},"author":1,"featured_media":0,"parent":7555,"menu_order":0,"comment_status":"closed","ping_status":"closed","template":"","meta":{"_seopress_robots_primary_cat":"","_seopress_titles_title":"","_seopress_titles_desc":"","_seopress_robots_index":"","_joinchat":[],"footnotes":""},"class_list":["post-8539","page","type-page","status-publish","hentry"],"_links":{"self":[{"href":"https:\/\/esteticaeyecos.com\/ca\/wp-json\/wp\/v2\/pages\/8539","targetHints":{"allow":["GET"]}}],"collection":[{"href":"https:\/\/esteticaeyecos.com\/ca\/wp-json\/wp\/v2\/pages"}],"about":[{"href":"https:\/\/esteticaeyecos.com\/ca\/wp-json\/wp\/v2\/types\/page"}],"author":[{"embeddable":true,"href":"https:\/\/esteticaeyecos.com\/ca\/wp-json\/wp\/v2\/users\/1"}],"replies":[{"embeddable":true,"href":"https:\/\/esteticaeyecos.com\/ca\/wp-json\/wp\/v2\/comments?post=8539"}],"version-history":[{"count":4,"href":"https:\/\/esteticaeyecos.com\/ca\/wp-json\/wp\/v2\/pages\/8539\/revisions"}],"predecessor-version":[{"id":8544,"href":"https:\/\/esteticaeyecos.com\/ca\/wp-json\/wp\/v2\/pages\/8539\/revisions\/8544"}],"up":[{"embeddable":true,"href":"https:\/\/esteticaeyecos.com\/ca\/wp-json\/wp\/v2\/pages\/7555"}],"wp:attachment":[{"href":"https:\/\/esteticaeyecos.com\/ca\/wp-json\/wp\/v2\/media?parent=8539"}],"curies":[{"name":"wp","href":"https:\/\/api.w.org\/{rel}","templated":true}]}}