{"id":9629,"date":"2025-12-05T10:55:19","date_gmt":"2025-12-05T10:55:19","guid":{"rendered":"https:\/\/esteticaeyecos.com\/politica-de-cancelacion-modificacion-y-devoluciones\/"},"modified":"2026-03-09T11:23:18","modified_gmt":"2026-03-09T11:23:18","slug":"politica-de-cancelacion-modificacion-y-devoluciones","status":"publish","type":"page","link":"https:\/\/esteticaeyecos.com\/ca\/politica-de-cancelacion-modificacion-y-devoluciones\/","title":{"rendered":"Pol\u00edtica de Cancel\u00b7laci\u00f3, Modificaci\u00f3 i Devolucions"},"content":{"rendered":"\t\t<div data-elementor-type=\"wp-page\" data-elementor-id=\"9629\" class=\"elementor elementor-9629 elementor-9622\" data-elementor-post-type=\"page\">\n\t\t\t\t\t\t<section class=\"elementor-section elementor-top-section elementor-element elementor-element-dafbba0 elementor-section-boxed elementor-section-height-default elementor-section-height-default\" data-id=\"dafbba0\" data-element_type=\"section\" data-e-type=\"section\">\n\t\t\t\t\t\t<div class=\"elementor-container elementor-column-gap-default\">\n\t\t\t\t\t<div class=\"elementor-column elementor-col-100 elementor-top-column elementor-element elementor-element-381813c\" data-id=\"381813c\" data-element_type=\"column\" data-e-type=\"column\">\n\t\t\t<div class=\"elementor-widget-wrap elementor-element-populated\">\n\t\t\t\t\t\t<div class=\"elementor-element elementor-element-4d158ec elementor-widget elementor-widget-text-editor\" data-id=\"4d158ec\" data-element_type=\"widget\" data-e-type=\"widget\" data-widget_type=\"text-editor.default\">\n\t\t\t\t\t\t\t\t\t<p>En reservar una cita \u2014sigui de manera presencial, per tel\u00e8fon, WhatsApp o mitjan\u00e7ant qualsevol plataforma en l\u00ednia\u2014 el client accepta expressament els termes d\u2019aquesta Pol\u00edtica. En cas de no poder assistir, haur\u00e0 de comunicar-ho amb un m\u00ednim de 48 hores d\u2019antelaci\u00f3. Les cancel\u00b7lacions o modificacions realitzades amb m\u00e9s de 48 hores d\u2019antelaci\u00f3 es podran reprogramar a una altra data disponible, per\u00f2 no donaran dret en cap cas a cap reemborsament econ\u00f2mic. Les cancel\u00b7lacions o modificacions comunicades amb menys de 48 hores, aix\u00ed com la no assist\u00e8ncia sense av\u00eds previ, comportaran la p\u00e8rdua total de l\u2019import abonat, sense dret a reprogramaci\u00f3 ni devoluci\u00f3.<\/p><p>Els tractaments prepagats, bons i promocions s\u00f3n estrictament no reemborsables, personals i intransferibles, i tenen una validesa est\u00e0ndard de 6 mesos, llevat que s\u2019indiqui el contrari.<\/p><p>La cl\u00ednica es reserva el dret de modificar o cancel\u00b7lar cites per motius t\u00e8cnics, m\u00e8dics, organitzatius o de seguretat, incloent-hi avaries, revisions o manteniment dels equips. En aquests casos, la cita ser\u00e0 reprogramada a la primera data disponible, o b\u00e9 s\u2019emetr\u00e0 un val del mateix valor v\u00e0lid durant 6 mesos. No es realitzar\u00e0 cap reemborsament, ja que aquestes circumst\u00e0ncies no impossibiliten la correcta prestaci\u00f3 futura del servei, sin\u00f3 que \u00fanicament requereixen un canvi de data.<\/p><p>Aquesta Pol\u00edtica est\u00e0 disponible permanentment a la nostra p\u00e0gina web, a recepci\u00f3 i als missatges de confirmaci\u00f3 enviats al client.<\/p>\t\t\t\t\t\t\t\t<\/div>\n\t\t\t\t\t<\/div>\n\t\t<\/div>\n\t\t\t\t\t<\/div>\n\t\t<\/section>\n\t\t\t\t<\/div>\n\t\t","protected":false},"excerpt":{"rendered":"<p>En reservar una cita \u2014sigui de manera presencial, per tel\u00e8fon, WhatsApp o mitjan\u00e7ant qualsevol plataforma en l\u00ednia\u2014 el client accepta expressament els termes d\u2019aquesta Pol\u00edtica. En cas de no poder assistir, haur\u00e0 de comunicar-ho amb un m\u00ednim de 48 hores d\u2019antelaci\u00f3. Les cancel\u00b7lacions o modificacions realitzades amb m\u00e9s de 48 hores d\u2019antelaci\u00f3 es podran reprogramar [&hellip;]<\/p>\n","protected":false},"author":1,"featured_media":0,"parent":0,"menu_order":0,"comment_status":"closed","ping_status":"closed","template":"","meta":{"_seopress_robots_primary_cat":"","_seopress_titles_title":"","_seopress_titles_desc":"","_seopress_robots_index":"yes","_joinchat":[],"footnotes":""},"class_list":["post-9629","page","type-page","status-publish","hentry"],"_links":{"self":[{"href":"https:\/\/esteticaeyecos.com\/ca\/wp-json\/wp\/v2\/pages\/9629","targetHints":{"allow":["GET"]}}],"collection":[{"href":"https:\/\/esteticaeyecos.com\/ca\/wp-json\/wp\/v2\/pages"}],"about":[{"href":"https:\/\/esteticaeyecos.com\/ca\/wp-json\/wp\/v2\/types\/page"}],"author":[{"embeddable":true,"href":"https:\/\/esteticaeyecos.com\/ca\/wp-json\/wp\/v2\/users\/1"}],"replies":[{"embeddable":true,"href":"https:\/\/esteticaeyecos.com\/ca\/wp-json\/wp\/v2\/comments?post=9629"}],"version-history":[{"count":5,"href":"https:\/\/esteticaeyecos.com\/ca\/wp-json\/wp\/v2\/pages\/9629\/revisions"}],"predecessor-version":[{"id":9968,"href":"https:\/\/esteticaeyecos.com\/ca\/wp-json\/wp\/v2\/pages\/9629\/revisions\/9968"}],"wp:attachment":[{"href":"https:\/\/esteticaeyecos.com\/ca\/wp-json\/wp\/v2\/media?parent=9629"}],"curies":[{"name":"wp","href":"https:\/\/api.w.org\/{rel}","templated":true}]}}