{"id":8108,"date":"2025-07-17T09:52:36","date_gmt":"2025-07-17T09:52:36","guid":{"rendered":"https:\/\/esteticaeyecos.com\/venta-barcelona-tratamientos-esteticos\/laser-co2-resurfacing\/"},"modified":"2025-09-24T07:29:28","modified_gmt":"2025-09-24T07:29:28","slug":"laser-co2-resurfacing","status":"publish","type":"product","link":"https:\/\/esteticaeyecos.com\/ca\/venta-barcelona-tratamientos-esteticos\/laser-co2-resurfacing\/","title":{"rendered":"L\u00e1ser CO2 resurfacing"},"content":{"rendered":"\t\t<div data-elementor-type=\"product-post\" data-elementor-id=\"8108\" class=\"elementor elementor-8108 elementor-5835\" data-elementor-post-type=\"product\">\n\t\t\t\t\t\t<section class=\"elementor-section elementor-top-section elementor-element elementor-element-3f5c059 elementor-section-boxed elementor-section-height-default elementor-section-height-default\" data-id=\"3f5c059\" data-element_type=\"section\" data-e-type=\"section\">\n\t\t\t\t\t\t<div class=\"elementor-container elementor-column-gap-default\">\n\t\t\t\t\t<div class=\"elementor-column elementor-col-100 elementor-top-column elementor-element elementor-element-7e5cdf7\" data-id=\"7e5cdf7\" data-element_type=\"column\" data-e-type=\"column\">\n\t\t\t<div class=\"elementor-widget-wrap elementor-element-populated\">\n\t\t\t\t\t\t<div class=\"elementor-element elementor-element-8552c98 elementor-icon-list--layout-inline elementor-list-item-link-full_width elementor-widget elementor-widget-icon-list\" data-id=\"8552c98\" data-element_type=\"widget\" data-e-type=\"widget\" data-widget_type=\"icon-list.default\">\n\t\t\t\t\t\t\t<ul class=\"elementor-icon-list-items elementor-inline-items\">\n\t\t\t\t\t\t\t<li class=\"elementor-icon-list-item elementor-inline-item\">\n\t\t\t\t\t\t\t\t\t\t\t<span class=\"elementor-icon-list-icon\">\n\t\t\t\t\t\t\t<svg xmlns=\"http:\/\/www.w3.org\/2000\/svg\" id=\"Capa_1\" viewBox=\"0 0 982.27 1010.44\"><defs><style>.cls-1{fill:none;stroke:#000;stroke-linecap:round;stroke-linejoin:round;stroke-width:28.35px;}<\/style><\/defs><circle class=\"cls-1\" cx=\"491.14\" cy=\"505.22\" r=\"450.38\"><\/circle><polyline class=\"cls-1\" points=\"456.14 221.63 456.14 505.22 671.16 505.22\"><\/polyline><\/svg>\t\t\t\t\t\t<\/span>\n\t\t\t\t\t\t\t\t\t\t<span class=\"elementor-icon-list-text\">DURADA DEL TRACTAMENT <br> <span style=\"color: #000\">45 minuts<\/span><\/span>\n\t\t\t\t\t\t\t\t\t<\/li>\n\t\t\t\t\t\t\t\t<li class=\"elementor-icon-list-item elementor-inline-item\">\n\t\t\t\t\t\t\t\t\t\t\t<span class=\"elementor-icon-list-icon\">\n\t\t\t\t\t\t\t<svg xmlns=\"http:\/\/www.w3.org\/2000\/svg\" id=\"Capa_1\" viewBox=\"0 0 982.27 1010.44\"><defs><style>.cls-1{fill:none;stroke:#000;stroke-linecap:round;stroke-linejoin:round;stroke-width:28.35px;}<\/style><\/defs><path class=\"cls-1\" d=\"M495.17,964.32l447.38.05c-.29-56.91-.41-144.63.81-252.08,2.94-260.33,9.6-272.8-5.39-323.99-61.33-209.46-262.52-306.77-308.91-321.57-54.94-17.52-109.66-19.93-109.66-19.93-12.64-.53-21.83-.31-26.58-.3-253.51.6-458.53,206.6-457.92,460.11.6,250.31,201.54,452.97,450.65,457.47l-.16.24h5.18c.74.07,1.48.11,2.22.11.79,0,1.59-.03,2.38-.11Z\"><\/path><path class=\"cls-1\" d=\"M490.59,706.77c-36.97-15.04-154.66-68.44-199.1-189.91-9.49-25.95-48.43-132.39,7.95-185.4,29.63-27.86,80.3-35.99,122.19-17.17,45.72,20.54,73.9,70.01,68.97,122.92\"><\/path><path class=\"cls-1\" d=\"M491.7,706.77c36.97-15.04,154.66-68.44,199.1-189.91,9.49-25.95,48.43-132.39-7.95-185.4-29.63-27.86-80.3-35.99-122.19-17.17-45.72,20.54-73.9,70.01-68.97,122.92\"><\/path><\/svg>\t\t\t\t\t\t<\/span>\n\t\t\t\t\t\t\t\t\t\t<span class=\"elementor-icon-list-text\">RECUPERACI\u00d3 <br> <span style=\"color: #000\">7-10 dies<\/span><\/span>\n\t\t\t\t\t\t\t\t\t<\/li>\n\t\t\t\t\t\t\t\t<li class=\"elementor-icon-list-item elementor-inline-item\">\n\t\t\t\t\t\t\t\t\t\t\t<span class=\"elementor-icon-list-icon\">\n\t\t\t\t\t\t\t<svg xmlns=\"http:\/\/www.w3.org\/2000\/svg\" id=\"Capa_1\" viewBox=\"0 0 982.27 1010.44\"><path d=\"M218.95,437.52c-37.14,0-72.03-14.5-98.25-40.82-25.53-25.71-40.59-60.25-42.39-97.27-2.19-45.87,17.74-107.46,59.26-183.07,30.93-56.34,62.75-99.99,66.27-104.77l4.76-6.41c2.42-3.26,6.23-5.17,10.29-5.18h0c4.04,0,7.87,1.91,10.28,5.17l4.72,6.32c5.09,6.76,125.67,168.17,125.67,286.69,0,76.82-63.08,139.33-140.62,139.33ZM218.92,34.53c-44.34,62.08-118.64,187.08-114.98,263.67,1.49,30.67,13.91,59.22,34.96,80.41,21.36,21.44,49.79,33.25,80.05,33.25,63.39,0,114.96-50.99,114.96-113.67,0-96.24-91.31-230.47-115-263.66Z\"><\/path><path d=\"M532.77,1010.44c-58.6,0-113.55-22.83-154.78-64.31-40.37-40.56-64.12-95.2-66.88-153.86-3.61-74.79,30.28-176.89,100.72-303.42,49.3-88.6,100.13-158.8,105.77-166.51.02-.04.14-.19.16-.23l4.71-6.35c2.42-3.25,6.23-5.18,10.29-5.18h0c4.05,0,7.87,1.91,10.29,5.17l4.71,6.31c.05.07.1.13.15.19l.06.08c5.46,7.36,54.66,74.44,102.47,160.32,68.8,123.51,103.68,227.39,103.68,308.75,0,120.78-99.3,219.03-221.36,219.03ZM532.81,345.11c-15.3,21.49-57.44,82.31-98.56,156.21-68.08,122.3-100.89,219.78-97.51,289.73,2.46,52.29,23.58,100.95,59.45,137,36.37,36.59,84.86,56.74,136.58,56.74,107.91,0,195.7-86.76,195.7-193.38,0-76.94-33.79-176.62-100.44-296.27-39.7-71.31-80.31-129.32-95.22-150.03Z\"><\/path><path d=\"M789.16,397.62c-30.36,0-58.89-11.86-80.33-33.38-20.88-21.02-33.19-49.26-34.66-79.53-1.79-37.5,14.51-87.86,48.45-149.68,25.29-46.06,51.3-81.75,54.19-85.66l3.89-5.24c1.98-2.66,5.1-4.23,8.42-4.23h0c3.31,0,6.43,1.56,8.4,4.23l3.86,5.17c4.16,5.53,102.75,137.5,102.75,234.41,0,62.81-51.57,113.92-114.98,113.92ZM789.13,68.12c-36.25,50.76-97.01,152.96-94.01,215.58,1.22,25.07,11.37,48.42,28.59,65.75,17.46,17.53,40.71,27.19,65.45,27.19,51.83,0,93.99-41.69,93.99-92.94,0-78.69-74.65-188.44-94.02-215.58Z\"><\/path><\/svg>\t\t\t\t\t\t<\/span>\n\t\t\t\t\t\t\t\t\t\t<span class=\"elementor-icon-list-text\">TIPUS DE PELL <br> <span style=\"color: #000\">Pells madures, amb taques i cicatrius<\/span><\/span>\n\t\t\t\t\t\t\t\t\t<\/li>\n\t\t\t\t\t\t\t\t<li class=\"elementor-icon-list-item elementor-inline-item\">\n\t\t\t\t\t\t\t\t\t\t\t<span class=\"elementor-icon-list-icon\">\n\t\t\t\t\t\t\t\t\t\t\t\t\t<\/span>\n\t\t\t\t\t\t\t\t\t\t<span class=\"elementor-icon-list-text\">ANEST\u00c8SIA <br> <span style=\"color: #000\">T\u00f2pica<\/span><\/span>\n\t\t\t\t\t\t\t\t\t<\/li>\n\t\t\t\t\t\t\t\t<li class=\"elementor-icon-list-item elementor-inline-item\">\n\t\t\t\t\t\t\t\t\t\t\t<span class=\"elementor-icon-list-icon\">\n\t\t\t\t\t\t\t<svg xmlns=\"http:\/\/www.w3.org\/2000\/svg\" id=\"Capa_1\" viewBox=\"0 0 982.27 1010.44\"><defs><style>.cls-1{fill:none;stroke:#000;stroke-linecap:round;stroke-linejoin:round;stroke-width:28.82px;}<\/style><\/defs><path class=\"cls-1\" d=\"M42.75,511.79c0,250.11,201.64,452.86,450.38,452.86s450.38-202.75,450.38-452.86S741.87,58.92,493.13,58.92c-162.27,0-304.49,86.29-383.77,215.72V74.56\"><\/path><polyline class=\"cls-1\" points=\"458.12 226.63 458.12 511.79 673.14 511.79\"><\/polyline><line class=\"cls-1\" x1=\"292.84\" y1=\"249.77\" x2=\"109.36\" y2=\"275\"><\/line><\/svg>\t\t\t\t\t\t<\/span>\n\t\t\t\t\t\t\t\t\t\t<span class=\"elementor-icon-list-text\">EFECTE <br> <span style=\"color: #000\">Millora gradual<\/span><\/span>\n\t\t\t\t\t\t\t\t\t<\/li>\n\t\t\t\t\t\t\t\t<li class=\"elementor-icon-list-item elementor-inline-item\">\n\t\t\t\t\t\t\t\t\t\t\t<span class=\"elementor-icon-list-icon\">\n\t\t\t\t\t\t\t<svg xmlns=\"http:\/\/www.w3.org\/2000\/svg\" id=\"Capa_1\" viewBox=\"0 0 982.27 1010.44\"><defs><style>.cls-1{stroke-linecap:round;stroke-linejoin:round;}.cls-1,.cls-2{fill:none;stroke:#000;stroke-width:28.35px;}.cls-2{stroke-miterlimit:10;}<\/style><\/defs><path class=\"cls-2\" d=\"M17.15,535.06s438.5-651.48,947.99,0c0,0-438.5,739.18-947.99,0Z\"><\/path><circle class=\"cls-2\" cx=\"495\" cy=\"554.55\" r=\"196.28\"><\/circle><line class=\"cls-1\" x1=\"185.72\" y1=\"358.27\" x2=\"72.97\" y2=\"214.33\"><\/line><line class=\"cls-1\" x1=\"326.82\" y1=\"277.53\" x2=\"263.86\" y2=\"75.68\"><\/line><line class=\"cls-1\" x1=\"487.28\" y1=\"245.51\" x2=\"487.28\" y2=\"46.45\"><\/line><line class=\"cls-1\" x1=\"649.4\" y1=\"269.18\" x2=\"699.01\" y2=\"84.03\"><\/line><line class=\"cls-1\" x1=\"798.42\" y1=\"358.27\" x2=\"919.59\" y2=\"214.33\"><\/line><\/svg>\t\t\t\t\t\t<\/span>\n\t\t\t\t\t\t\t\t\t\t<span class=\"elementor-icon-list-text\">RESULTATS <br> <span style=\"color: #000\">Naturals<\/span><\/span>\n\t\t\t\t\t\t\t\t\t<\/li>\n\t\t\t\t\t\t<\/ul>\n\t\t\t\t\t\t<\/div>\n\t\t\t\t\t<\/div>\n\t\t<\/div>\n\t\t\t\t\t<\/div>\n\t\t<\/section>\n\t\t\t\t<\/div>\n\t\t","protected":false},"excerpt":{"rendered":"<p><strong>En qu\u00e8 consisteix el tractament?<\/strong><\/p>\n<p>El Resurfacing Facial amb L\u00e0ser CO2 \u00e9s una t\u00e8cnica avan\u00e7ada que <strong>utilitza l\u00e0ser per eliminar les capes superficials de la pell,<\/strong> tractant profundament taques, l\u00ednies d&#8217;expressi\u00f3, flacciditat i cicatrius.<\/p>\n<p>Aquest procediment estimula la producci\u00f3 de col\u00b7lagen, tornant a la pell un aspecte m\u00e9s fresc i rejovenit.<\/p>\n<p><strong>Qu\u00e8 aporta a la pell?<\/strong><\/p>\n<p>El tractament actua renovant la pell, millorant el to, la textura i la fermesa, i <strong>proporcionant resultats similars a un l\u00edfting sense cirurgia<\/strong>. L&#8217;eliminaci\u00f3 de les capes externes estimula la regeneraci\u00f3 de la pell i la deixa m\u00e9s suau i uniforme.<\/p>\n<p><strong>Beneficis:<\/strong><\/p>\n<ul>\n<li>Rejoveniment visible de la pell, millorant el to i la textura.<\/li>\n<li>Reducci\u00f3 de flacciditat i l\u00ednies dexpressi\u00f3.<\/li>\n<li>Tractament efica\u00e7 per a cicatrius i taques.<\/li>\n<li>Pell m\u00e9s suau, renovada i tonificada.<\/li>\n<li>Resultats duradors amb una recuperaci\u00f3 r\u00e0pida.<\/li>\n<li>Els efectes de rejoveniment continuen durant els 6 mesos seg\u00fcents.<\/li>\n<\/ul>\n","protected":false},"featured_media":7577,"template":"","meta":{"_seopress_robots_primary_cat":"none","_seopress_titles_title":"","_seopress_titles_desc":"","_seopress_robots_index":"","_joinchat":[]},"product_brand":[],"product_cat":[134],"product_tag":[],"giftcard-category":[],"class_list":{"0":"post-8108","1":"product","2":"type-product","3":"status-publish","4":"has-post-thumbnail","6":"product_cat-tratamientos-faciales-ca","8":"first","9":"instock","10":"virtual","11":"taxable","12":"purchasable","13":"product-type-simple"},"_links":{"self":[{"href":"https:\/\/esteticaeyecos.com\/ca\/wp-json\/wp\/v2\/product\/8108","targetHints":{"allow":["GET"]}}],"collection":[{"href":"https:\/\/esteticaeyecos.com\/ca\/wp-json\/wp\/v2\/product"}],"about":[{"href":"https:\/\/esteticaeyecos.com\/ca\/wp-json\/wp\/v2\/types\/product"}],"version-history":[{"count":7,"href":"https:\/\/esteticaeyecos.com\/ca\/wp-json\/wp\/v2\/product\/8108\/revisions"}],"predecessor-version":[{"id":8214,"href":"https:\/\/esteticaeyecos.com\/ca\/wp-json\/wp\/v2\/product\/8108\/revisions\/8214"}],"wp:featuredmedia":[{"embeddable":true,"href":"https:\/\/esteticaeyecos.com\/ca\/wp-json\/wp\/v2\/media\/7577"}],"wp:attachment":[{"href":"https:\/\/esteticaeyecos.com\/ca\/wp-json\/wp\/v2\/media?parent=8108"}],"wp:term":[{"taxonomy":"product_brand","embeddable":true,"href":"https:\/\/esteticaeyecos.com\/ca\/wp-json\/wp\/v2\/product_brand?post=8108"},{"taxonomy":"product_cat","embeddable":true,"href":"https:\/\/esteticaeyecos.com\/ca\/wp-json\/wp\/v2\/product_cat?post=8108"},{"taxonomy":"product_tag","embeddable":true,"href":"https:\/\/esteticaeyecos.com\/ca\/wp-json\/wp\/v2\/product_tag?post=8108"},{"taxonomy":"giftcard-category","embeddable":true,"href":"https:\/\/esteticaeyecos.com\/ca\/wp-json\/wp\/v2\/giftcard-category?post=8108"}],"curies":[{"name":"wp","href":"https:\/\/api.w.org\/{rel}","templated":true}]}}