{"id":1644,"date":"2024-10-26T08:14:37","date_gmt":"2024-10-26T08:14:37","guid":{"rendered":"https:\/\/esteticaeyecos.com\/politicia-de-cookies\/"},"modified":"2025-01-02T14:32:29","modified_gmt":"2025-01-02T14:32:29","slug":"cookie-policy","status":"publish","type":"page","link":"https:\/\/esteticaeyecos.com\/en\/cookie-policy\/","title":{"rendered":"Cookie Policy"},"content":{"rendered":"\t\t<div data-elementor-type=\"wp-page\" data-elementor-id=\"1644\" class=\"elementor elementor-1644 elementor-868\" data-elementor-post-type=\"page\">\n\t\t\t\t\t\t<section class=\"elementor-section elementor-top-section elementor-element elementor-element-e4856f0 elementor-section-boxed elementor-section-height-default elementor-section-height-default\" data-id=\"e4856f0\" data-element_type=\"section\" data-e-type=\"section\">\n\t\t\t\t\t\t<div class=\"elementor-container elementor-column-gap-default\">\n\t\t\t\t\t<div class=\"elementor-column elementor-col-100 elementor-top-column elementor-element elementor-element-81208c0\" data-id=\"81208c0\" data-element_type=\"column\" data-e-type=\"column\">\n\t\t\t<div class=\"elementor-widget-wrap elementor-element-populated\">\n\t\t\t\t\t\t<div class=\"elementor-element elementor-element-1705cfd elementor-widget elementor-widget-heading\" data-id=\"1705cfd\" data-element_type=\"widget\" data-e-type=\"widget\" data-widget_type=\"heading.default\">\n\t\t\t\t\t<h1 class=\"elementor-heading-title elementor-size-default\">Pol\u00edticia de cookies<\/h1>\t\t\t\t<\/div>\n\t\t\t\t\t<\/div>\n\t\t<\/div>\n\t\t\t\t\t<\/div>\n\t\t<\/section>\n\t\t\t\t<section class=\"elementor-section elementor-top-section elementor-element elementor-element-3b04dae elementor-section-boxed elementor-section-height-default elementor-section-height-default\" data-id=\"3b04dae\" data-element_type=\"section\" data-e-type=\"section\">\n\t\t\t\t\t\t<div class=\"elementor-container elementor-column-gap-default\">\n\t\t\t\t\t<div class=\"elementor-column elementor-col-100 elementor-top-column elementor-element elementor-element-ebdc281\" data-id=\"ebdc281\" data-element_type=\"column\" data-e-type=\"column\">\n\t\t\t<div class=\"elementor-widget-wrap elementor-element-populated\">\n\t\t\t\t\t\t<div class=\"elementor-element elementor-element-bc729eb elementor-widget elementor-widget-text-editor\" data-id=\"bc729eb\" data-element_type=\"widget\" data-e-type=\"widget\" data-widget_type=\"text-editor.default\">\n\t\t\t\t\t\t\t\t\t<p><strong>POL\u00cdTICA DE PRIVACIDAD CAPTACI\u00d3N DE DATOS Y DE COOKIES EN LA WEB<\/strong><\/p><p><strong>Pol\u00edtica de cookies de la web<\/strong><\/p><p><strong>En relaci\u00f3n a las Cookies durante la navegaci\u00f3n<\/strong><\/p><p>Una cookie (o galleta inform\u00e1tica) es una peque\u00f1a informaci\u00f3n enviada por un sitio web y almacenada en el navegador del usuario, de manera que el sitio web puede consultar la actividad previa del usuario.<\/p><p>Sus principales funciones son:<\/p><p>Llevar el control de usuarios: cuando un usuario introduce su nombre de usuario y contrase\u00f1a, se almacena una cookie para que no tenga que estar introduci\u00e9ndolas para cada p\u00e1gina del servidor. Sin embargo, una cookie no identifica solo a una persona, sino a una combinaci\u00f3n de computador-navegador-usuario.<\/p><p>Conseguir informaci\u00f3n sobre los h\u00e1bitos de navegaci\u00f3n del usuario, entre otras.<\/p><p>Esta web utiliza cookies propias.<\/p><p>Usuario: De acceso a la web, recordatorio online<br \/>Settings: WordPress<br \/>Idioma: WordPress<\/p><p>Cookies de Terceros:<\/p><table border=\"0\" width=\"100%\" cellspacing=\"2\" cellpadding=\"2\"><tbody><tr><td height=\"23\">Tipo de cookie<\/td><td>Empresa<\/td><td>Finalidad<\/td><td>+ Informaci\u00f3n<\/td><\/tr><tr><td height=\"23\">_utma<br \/>_utmb<br \/>_utmc_utmz<\/td><td>Google<\/td><td>Navegaci\u00f3n de forma an\u00f3nima que permite saber qu\u00e9 se consulta y c\u00f3mo se navega<\/td><td>http:\/\/www.google.es\/intl\/es\/analytics\/privacyoverview.html<\/td><\/tr><\/tbody><\/table><p><strong>Gestionar cookies<\/strong><\/p><p><strong>Puede usted permitir, bloquear o eliminar las cookies instaladas en su equipo mediante la configuraci\u00f3n de las opciones del navegador instalado en su ordenador.<\/strong><\/p><p>Si no est\u00e1 seguro sobre qu\u00e9 tipo y versi\u00f3n de navegador usa para acceder a internet:<br \/>Para Windows: click en \u2018Ayuda\u2019 en la parte superior de la ventana de su navegador y seleccione la opci\u00f3n \u2018Acerca de\u2019.<br \/>Para Mac: con la venta del navegador abierta, click en el menu de Apple y seleccione la opci\u00f3n \u2018Acerca de\u2026\u2019.<\/p><p><strong>C\u00f3mo gestionar las cookies en Windows<\/strong><\/p><p><strong>Google Chrome<\/strong><br \/>Haz clic en el men\u00fa de Chrome Chrome situado en la barra de herramientas del navegador.<\/p><p>Selecciona <strong>\u201cConfiguraci\u00f3n\u201d.<\/strong><\/p><p>Haz clic en<strong> \u201cMostrar opciones avanzadas\u2026\u201d<\/strong><\/p><p>En la secci\u00f3n <strong>\u201cPrivacidad\u201d<\/strong>, haz clic en el bot\u00f3n <strong>\u201cConfiguraci\u00f3n de contenido\u2026\u201d<\/strong>.<\/p><p>En la secci\u00f3n <strong>\u201cCookies\u201d<\/strong>, puedes configurar las opciones que se indican a continuaci\u00f3n: Eliminar cookies, bloquear o permitir las cookies de forma predeterminada, incluir excepciones de cookies de dominios o sitios web espec\u00edficos.<br \/>Para mayor detalle consulta la ayuda de Google Chrome.<\/p><p><strong>Microsoft Internet Explorer 7.0 y 8.0<\/strong><\/p><p>Haga clic en el bot\u00f3n <strong>\u201cHerramientas\u201d<\/strong> y despu\u00e9s en<strong> \u201cOpciones de Internet\u201d.<\/strong><\/p><p>Haga clic en la ficha<strong> \u201cPrivacidad\u201d<\/strong> y, a continuaci\u00f3n, mueva el control deslizante a una posici\u00f3n intermedia entre los extremos superior e inferior, de manera que no se bloqueen ni permitan todas las cookies.<\/p><p>Haga clic en<strong> \u201cSitios\u201d.<\/strong><\/p><p>En el cuadro \u201c<strong>Direcci\u00f3n del sitio web\u201d<\/strong>, escriba la direcci\u00f3n de un sitio web y, despu\u00e9s, haga clic en <strong>\u201cBloquear\u201d<\/strong> o <strong>\u201cPermitir\u201d<\/strong>.<\/p><p>Mientras escriba, ir\u00e1 apareciendo una lista de las p\u00e1ginas web que ya haya visitado. Si hace clic en un elemento de la lista, se mostrar\u00e1 en el cuadro Direcci\u00f3n del sitio web.<\/p><p>Al finalizar, haga clic en \u201c<strong>Aceptar<\/strong>\u201d.<\/p><p>Vuelva a colocar el control deslizante en su posici\u00f3n original y haga clic en \u201c<strong>Aceptar<\/strong>\u201d.<\/p><p>Puedes consultar la ayuda de Windows para m\u00e1s informaci\u00f3n<\/p><p><strong>Mozilla Firefox<\/strong><br \/>En la parte superior de la ventana de Firefox, haz clic en el bot\u00f3n Firefox y selecciona \u201c<strong>Opciones<\/strong>\u201d.<br \/>Selecciona el panel <strong>\u201cPrivacidad\u201d<\/strong>.<br \/>En \u201c<strong>Firefox podr\u00e1<\/strong>:\u201d elige \u201c<strong>Usar una configuraci\u00f3n personalizada para el historial<\/strong>\u201d.<br \/>Marca la opci\u00f3n \u201c<strong>Aceptar cookies<\/strong>\u201d para activarlas, y desm\u00e1rcala para desactivarlas.<br \/>Si no quieres recibir cookies de teceros desmarca \u201c<strong>Aceptar cookies de terceros<\/strong>\u201d.<br \/>Puedes consultar la ayuda de Mozilla para m\u00e1s informaci\u00f3n<\/p><p><strong>Safari<\/strong><br \/>Haga clic en \u201c<strong>Safari\u201d<\/strong> en la parte superior de la ventana de su navegador y seleccione la opci\u00f3n \u2018<strong>Preferencia<\/strong>s\u2019.<br \/>Haga clic en \u201c<strong>Privacidad<\/strong>\u201d.<br \/>En el apartado \u201c<strong>Bloquear cookies<\/strong>\u201d seleccione una de las siguientes opciones seg\u00fan le interese: \u201c<strong>De publicidad y terceros\u201d, \u201cSiempre\u201d, o \u201cNunca<\/strong>\u201d.<\/p><p><strong>Opera<\/strong><br \/>Haga clic en \u201c<strong>Configuraci\u00f3n<\/strong>\u201d en la parte superior de la ventana del navegador y selecciona \u2018<strong>Opciones<\/strong>\u2019.<br \/>A continuaci\u00f3n seleccione la pesta\u00f1a \u201c<strong>Avanzado<\/strong>\u201d y en la lista de la izquierda seleccionar \u201c<strong>Cookies<\/strong>\u201d.<br \/>A continuaci\u00f3n, seleccione \u201c<strong>Aceptar cookies<\/strong>\u201d.<br \/>4. Dispone de tres opciones seg\u00fan su preferencia: \u201c<strong>Aceptar cookies<\/strong><\/p><p><strong>C\u00f3mo gestionar las cookies en Mac<\/strong><\/p><p><strong>\u00a0Google Chrome:<\/strong><br \/>1. Haga clic en el men\u00fa de Chrome Chrome situado en la barra de herramientas del navegador.<br \/>2. Seleccione \u201cConfiguraci\u00f3n\u201d.<br \/>3. Haga clic en \u201cMostrar opciones avanzadas\u2026\u201d<br \/>4. En la secci\u00f3n \u201cPrivacidad\u201d, Haga clic en el bot\u00f3n \u201cConfiguraci\u00f3n de contenido\u2026\u201d.<br \/>5. En la secci\u00f3n \u201cCookies\u201d, puede configurar las opciones que se indican a continuaci\u00f3n: Eliminar cookies, bloquear o permitir las cookies de forma predeterminada, incluir excepciones de cookies de dominios o sitios web espec\u00edficos.<\/p><p><strong>\u00a0Microsoft Internet Explorer:<\/strong><br \/>1. Haga clic en \u2018Explorer\u2019 en la parte superior de la ventana de su navegador y seleccione las opciones de \u2018Preferencias\u2019.<br \/>2. Despl\u00e1cese hacia abajo hasta que aparezca \u2018Cookies\u2019 en Archivos recibidos.<br \/>3. Seleccione la opci\u00f3n \u201cNunca preguntar\u201d.<br \/>4. Haga clic en \u201cAceptar\u201d.<\/p><p><strong>Mozilla Firefox:<\/strong><br \/>1. En la barra de men\u00fas, haga clic en el men\u00fa Firefox y selecciona\u201dPreferencias\u2026\u201d.<br \/>2. Seleccione el panel Privacidad.<br \/>3. En \u201cFirefox podr\u00e1:\u201d elige \u201cUsar una configuraci\u00f3n personalizada para el historial\u201d.<br \/>4. Marca la opci\u00f3n \u201cAceptar cookies\u201d para activarlas, y desm\u00e1rcala para desactivarlas.<br \/>5. Si no quiere recibir cookies de teceros desmarca \u201cAceptar cookies de terceros\u201d.<\/p><p><strong>Safari:<\/strong><br \/>1. Haga clic en \u201cSafari\u201d en la parte superior de la ventana de su navegador y seleccione la opci\u00f3n \u2018Preferencias\u2019.<br \/>2. Haga clic en \u201cPrivacidad\u201d.<br \/>3. En el apartado \u201cBloquear cookies\u201d seleccione una de las siguientes opciones seg\u00fan le interese: \u201cDe publicidad y terceros\u201d, \u201cSiempre\u201d, o\u201dNunca\u201d.<\/p><p><strong>Opera:<\/strong><br \/>1. Haga clic en \u201cOpera\u201d en la parte superior de la ventana del navegador y selecciona \u2018Opciones\u2019.<br \/>2. A continuaci\u00f3n seleccione la pesta\u00f1a \u201cAvanzado\u201d y en la lista de la izquierda seleccionar \u201cCookies\u201d.<br \/>3. A continuaci\u00f3n, seleccione \u201cAceptar cookies\u201d.<br \/>4. Dispone de tres opciones seg\u00fan su preferencia: \u201cAceptar cookies\u201d,\u201dAceptar cookies s\u00f3lo del sitio visitado\u201d y \u201cNo aceptar cookies nunca\u201d.<\/p>\t\t\t\t\t\t\t\t<\/div>\n\t\t\t\t\t<\/div>\n\t\t<\/div>\n\t\t\t\t\t<\/div>\n\t\t<\/section>\n\t\t\t\t<\/div>\n\t\t","protected":false},"excerpt":{"rendered":"<p>Pol\u00edticia de cookies POL\u00cdTICA DE PRIVACIDAD CAPTACI\u00d3N DE DATOS Y DE COOKIES EN LA WEB Pol\u00edtica de cookies de la web En relaci\u00f3n a las Cookies durante la navegaci\u00f3n Una cookie (o galleta inform\u00e1tica) es una peque\u00f1a informaci\u00f3n enviada por un sitio web y almacenada en el navegador del usuario, de manera que el sitio [&hellip;]<\/p>\n","protected":false},"author":1,"featured_media":0,"parent":0,"menu_order":0,"comment_status":"closed","ping_status":"closed","template":"","meta":{"_seopress_robots_primary_cat":"","_seopress_titles_title":"","_seopress_titles_desc":"","_seopress_robots_index":"yes","_joinchat":[],"footnotes":""},"class_list":["post-1644","page","type-page","status-publish","hentry"],"_links":{"self":[{"href":"https:\/\/esteticaeyecos.com\/en\/wp-json\/wp\/v2\/pages\/1644","targetHints":{"allow":["GET"]}}],"collection":[{"href":"https:\/\/esteticaeyecos.com\/en\/wp-json\/wp\/v2\/pages"}],"about":[{"href":"https:\/\/esteticaeyecos.com\/en\/wp-json\/wp\/v2\/types\/page"}],"author":[{"embeddable":true,"href":"https:\/\/esteticaeyecos.com\/en\/wp-json\/wp\/v2\/users\/1"}],"replies":[{"embeddable":true,"href":"https:\/\/esteticaeyecos.com\/en\/wp-json\/wp\/v2\/comments?post=1644"}],"version-history":[{"count":0,"href":"https:\/\/esteticaeyecos.com\/en\/wp-json\/wp\/v2\/pages\/1644\/revisions"}],"wp:attachment":[{"href":"https:\/\/esteticaeyecos.com\/en\/wp-json\/wp\/v2\/media?parent=1644"}],"curies":[{"name":"wp","href":"https:\/\/api.w.org\/{rel}","templated":true}]}}